{"id":76,"date":"2016-08-23T15:57:45","date_gmt":"2016-08-23T15:57:45","guid":{"rendered":"https:\/\/magictv.cl\/?post_type=product&#038;p=76"},"modified":"2025-06-07T14:50:39","modified_gmt":"2025-06-07T14:50:39","slug":"magictvr2-75","status":"publish","type":"product","link":"https:\/\/magictv.cl\/?product=magictvr2-75","title":{"rendered":"MagicTVR2-75 Kit satelital con antena de 75 cms"},"content":{"rendered":"<div dir=\"ltr\">\n<div>\n<div>\n<div><b>MagicTVR2-75<img loading=\"lazy\" decoding=\"async\" class=\"alignright wp-image-91\" src=\"http:\/\/magictv.cl\/wp-content\/uploads\/2016\/08\/MagicTVR2-75-1-308x1024.png\" alt=\"MagicTVR2-75\" width=\"240\" height=\"800\" srcset=\"https:\/\/magictv.cl\/wp-content\/uploads\/2016\/08\/MagicTVR2-75-1-90x300.png 90w, https:\/\/magictv.cl\/wp-content\/uploads\/2016\/08\/MagicTVR2-75-1.png 346w\" sizes=\"(max-width: 240px) 100vw, 240px\" \/><\/b><\/div>\n<div><\/div>\n<div>Kit satelital HD auto instalable para recibir las se\u00f1ales HD nacionales de manera gratuita.<\/div>\n<div>Este kit viene contenido en una caja de transporte, y dentro de esta se encuentran todas las partes y piezas para su correcta instalaci\u00f3n y operaci\u00f3n.<\/div>\n<div>\n<ul>\n<li>Decodificador HD<\/li>\n<li>Control remoto multifunci\u00f3n (pilas inclu\u00eddas)<\/li>\n<li>Cable HDMI<\/li>\n<li>Cable de video Compuesto<\/li>\n<li>Cable de audio anal\u00f3gico<\/li>\n<li>Kit de antena de 75 cms. con su soporte<\/li>\n<li>Cable coaxial RG6 con conectores de 15 metros de largo<\/li>\n<li>Grapas para fijar el cable coaxial<\/li>\n<\/ul>\n<\/div>\n<div><strong>El decodificador consta de la siguientes entradas y salidas:<\/strong><\/div>\n<div>\n<ul>\n<li>Conector tipo F de entrada para conectar la antena<\/li>\n<li>Conector tipo F de salida para conectar un segundo decodificador<\/li>\n<li>Salida de video compuesto an\u00e1logo<\/li>\n<li>Salidas de audio an\u00e1logo R+L<\/li>\n<li>Salida de video digital con audio HDMI<\/li>\n<li>Conector RJ45 para conectarlo a internet<\/li>\n<li>Puerto USB para ser usado como grabador y\/o reproductor de audio y video<\/li>\n<li>Puerto de energ\u00eda para conectar fuente de poder (incluida)<\/li>\n<\/ul>\n<div><strong>El kit de antena consta de:<\/strong><\/div>\n<div>\n<ul>\n<li>Par\u00e1bola de 75 cms. de di\u00e1metro<\/li>\n<li>Sistema de soporte para la par\u00e1bola<\/li>\n<li>LNB (Low Noise Block)<\/li>\n<li>Brazo soporte para el LNB<\/li>\n<li>Br\u00fajula imantada con nivel para correcta posici\u00f3n de la antena<\/li>\n<\/ul>\n<\/div>\n<\/div>\n<div>Este kit se recomienda ubicaciones que se encuentran entre Temuco y la Isla de Chilo\u00e9. Para locaciones m\u00e1s al norte revisar kit con par\u00e1bola de 60 cms. (MagicTVR2-60) y para locaciones m\u00e1s al sur revisar kit con par\u00e1bola de 90 cms. (MagicTVR2-90)<\/div>\n<\/div>\n<div><\/div>\n<div><strong>C\u00f3digo\u00a0EAN 0606110149570<\/strong><\/div>\n<\/div>\n<\/div>\n","protected":false},"excerpt":{"rendered":"<div>Kit satelital HD auto instalable para recibir las se\u00f1ales HD nacionales de manera gratuita.<\/div>\n<div>Este kit viene contenido en una caja de transporte, y dentro de esta se encuentran todas las partes y piezas para su correcta instalaci\u00f3n y operaci\u00f3n.<\/div>\n<div>\n<div>\n<div>Este kit se recomienda ubicaciones que se encuentran entre Temuco y la Isla de Chilo\u00e9. Para locaciones m\u00e1s al norte revisar kit con par\u00e1bola de 60 cms. (MagicTVR2-60) y para locaciones m\u00e1s al sur revisar kit con par\u00e1bola de 90 cms. (MagicTVR2-90)<\/div>\n<\/div>\n<div><\/div>\n<div><strong>C\u00f3digo\u00a0EAN 0606110149570<\/strong><\/div>\n<\/div>\n","protected":false},"featured_media":4324,"comment_status":"open","ping_status":"closed","template":"","meta":{"_et_pb_use_builder":"","_et_pb_old_content":"","_et_gb_content_width":""},"product_cat":[7],"product_tag":[],"_links":{"self":[{"href":"https:\/\/magictv.cl\/index.php?rest_route=\/wp\/v2\/product\/76"}],"collection":[{"href":"https:\/\/magictv.cl\/index.php?rest_route=\/wp\/v2\/product"}],"about":[{"href":"https:\/\/magictv.cl\/index.php?rest_route=\/wp\/v2\/types\/product"}],"replies":[{"embeddable":true,"href":"https:\/\/magictv.cl\/index.php?rest_route=%2Fwp%2Fv2%2Fcomments&post=76"}],"wp:featuredmedia":[{"embeddable":true,"href":"https:\/\/magictv.cl\/index.php?rest_route=\/wp\/v2\/media\/4324"}],"wp:attachment":[{"href":"https:\/\/magictv.cl\/index.php?rest_route=%2Fwp%2Fv2%2Fmedia&parent=76"}],"wp:term":[{"taxonomy":"product_cat","embeddable":true,"href":"https:\/\/magictv.cl\/index.php?rest_route=%2Fwp%2Fv2%2Fproduct_cat&post=76"},{"taxonomy":"product_tag","embeddable":true,"href":"https:\/\/magictv.cl\/index.php?rest_route=%2Fwp%2Fv2%2Fproduct_tag&post=76"}],"curies":[{"name":"wp","href":"https:\/\/api.w.org\/{rel}","templated":true}]}}