{"id":5843,"date":"2022-01-18T18:56:34","date_gmt":"2022-01-18T18:56:34","guid":{"rendered":"https:\/\/magictv.cl\/?post_type=product&#038;p=5843"},"modified":"2026-02-21T09:43:20","modified_gmt":"2026-02-21T09:43:20","slug":"magictvr1-90-kit-satelital-con-antena-de-90-cms","status":"publish","type":"product","link":"https:\/\/magictv.cl\/?product=magictvr1-90-kit-satelital-con-antena-de-90-cms","title":{"rendered":"MagicTVR1-90 Kit satelital con antena de 90 cms"},"content":{"rendered":"<p><b>MagicTVR1-90<img loading=\"lazy\" decoding=\"async\" class=\"alignright wp-image-92\" src=\"http:\/\/magictv.cl\/wp-content\/uploads\/2016\/08\/MagicTVR2-90-308x1024.png\" alt=\"MagicTVR2-90\" width=\"240\" height=\"800\" srcset=\"https:\/\/magictv.cl\/wp-content\/uploads\/2016\/08\/MagicTVR2-90-90x300.png 90w, https:\/\/magictv.cl\/wp-content\/uploads\/2016\/08\/MagicTVR2-90.png 346w\" sizes=\"(max-width: 240px) 100vw, 240px\" \/><\/b><\/p>\n<div class=\"gmail_extra\">\n<div>\n<div>\n<div><\/div>\n<div>Kit satelital HD auto instalable para recibir las se\u00f1ales HD nacionales de manera gratuita.<\/div>\n<div>Este kit viene contenido en una caja de transporte, y dentro de esta se encuentran todas las partes y piezas para su correcta instalaci\u00f3n y operaci\u00f3n.<\/div>\n<div>\n<ul>\n<li>Decodificador HD<\/li>\n<li>Control remoto multifunci\u00f3n (pilas inclu\u00eddas)<\/li>\n<li>Cable HDMI<\/li>\n<li>Cable de video Compuesto y de audio anal\u00f3gico<\/li>\n<li>Kit de antena de 90 cms. con su soporte<\/li>\n<li>Cable coaxial RG6 con conectores de 15 metros de largo<\/li>\n<\/ul>\n<\/div>\n<div>El decodificador consta de la siguientes entradas y salidas:<\/div>\n<div>\n<ul>\n<li>Conector tipo F de entrada para conectar la antena<\/li>\n<li>Conector tipo F de salida para conectar un segundo decodificador<\/li>\n<li>Salida de video compuesto y audio an\u00e1logo<\/li>\n<li>Salida de video digital con audio HDMI<\/li>\n<li>Puerto USB para ser usado como grabador y\/o reproductor de audio y video<\/li>\n<li>Puerto de energ\u00eda para conectar fuente de poder (incluida)<\/li>\n<\/ul>\n<div>El kit de antena consta de:<\/div>\n<div>\n<ul>\n<li>Par\u00e1bola de 90 cms. de di\u00e1metro<\/li>\n<li>Sistema de soporte para la par\u00e1bola con vientos<\/li>\n<li>LNB (Low Noise Block)<\/li>\n<li>Brazo soporte para el LNB<\/li>\n<li>Br\u00fajula imantada con nivel para correcta posici\u00f3n de la antena<\/li>\n<\/ul>\n<\/div>\n<\/div>\n<div>Este kit se recomienda ubicaciones que se encuentran al sur de la Isla de Chilo\u00e9. Para locaciones m\u00e1s al norte favor revisar los kits con par\u00e1bola de 60 cms. (MagicTVR1-60) y 75 cms. (MagicTVR1-75) seg\u00fan la ubicaci\u00f3n geogr\u00e1fica donde se requiera instalar este kit.<\/div>\n<\/div>\n<div><\/div>\n<div>C\u00f3digo EAN 0737186776640<\/div>\n<\/div>\n<\/div>\n","protected":false},"excerpt":{"rendered":"<p><b>MagicTVR2-90<\/b><\/p>\n<div class=\"gmail_extra\">\n<div>\n<div><\/div>\n<div>Kit satelital HD auto instalable para recibir las se\u00f1ales HD nacionales de manera gratuita.<\/div>\n<div>Este kit viene contenido en una caja de transporte, y dentro de esta se encuentran todas las partes y piezas para su correcta instalaci\u00f3n y operaci\u00f3n.<\/div>\n<div><\/div>\n<div>Este kit se recomienda ubicaciones que se encuentran al sur de la Isla de Chilo\u00e9. Para locaciones m\u00e1s al norte favor revisar los kits con par\u00e1bola de 60 cms. (MagicTVR2-60) y 75 cms. (MagicTVR2-75) seg\u00fan la ubicaci\u00f3n geogr\u00e1fica donde se requiera instalar este kit.<\/div>\n<\/div>\n<div><\/div>\n<div><strong>C\u00f3digo EAN 0606110149594<\/strong><\/div>\n<\/div>\n","protected":false},"featured_media":4325,"comment_status":"open","ping_status":"closed","template":"","meta":{"_et_pb_use_builder":"","_et_pb_old_content":"","_et_gb_content_width":""},"product_cat":[7],"product_tag":[],"_links":{"self":[{"href":"https:\/\/magictv.cl\/index.php?rest_route=\/wp\/v2\/product\/5843"}],"collection":[{"href":"https:\/\/magictv.cl\/index.php?rest_route=\/wp\/v2\/product"}],"about":[{"href":"https:\/\/magictv.cl\/index.php?rest_route=\/wp\/v2\/types\/product"}],"replies":[{"embeddable":true,"href":"https:\/\/magictv.cl\/index.php?rest_route=%2Fwp%2Fv2%2Fcomments&post=5843"}],"wp:featuredmedia":[{"embeddable":true,"href":"https:\/\/magictv.cl\/index.php?rest_route=\/wp\/v2\/media\/4325"}],"wp:attachment":[{"href":"https:\/\/magictv.cl\/index.php?rest_route=%2Fwp%2Fv2%2Fmedia&parent=5843"}],"wp:term":[{"taxonomy":"product_cat","embeddable":true,"href":"https:\/\/magictv.cl\/index.php?rest_route=%2Fwp%2Fv2%2Fproduct_cat&post=5843"},{"taxonomy":"product_tag","embeddable":true,"href":"https:\/\/magictv.cl\/index.php?rest_route=%2Fwp%2Fv2%2Fproduct_tag&post=5843"}],"curies":[{"name":"wp","href":"https:\/\/api.w.org\/{rel}","templated":true}]}}