{"id":5686,"date":"2020-07-02T03:56:03","date_gmt":"2020-07-02T03:56:03","guid":{"rendered":"https:\/\/magictv.cl\/?page_id=5686"},"modified":"2020-07-02T03:56:03","modified_gmt":"2020-07-02T03:56:03","slug":"quienes-somos","status":"publish","type":"page","link":"https:\/\/magictv.cl\/?page_id=5686","title":{"rendered":"Quienes Somos"},"content":{"rendered":"<p><b>MagicTV<\/b><span style=\"font-weight: 400;\"> es un producto desarrollado y distribuido por <\/span><a href=\"http:\/\/riosycia.cl\"><b>R\u00edos y Compa\u00f1\u00eda SpA<\/b><\/a><span style=\"font-weight: 400;\">., empresa ligada al mundo del <\/span><b>video profesional<\/b><span style=\"font-weight: 400;\"> desde hace casi 40 a\u00f1os. MagicTV es un sistema satelital auto instalable que permite recibir gratis, y para siempre, los canales nacionales en alta definici\u00f3n. El origen de esto es que existen zonas donde la televisi\u00f3n digital demorar\u00e1 varios a\u00f1os en llegar, lo que le permitir\u00eda la gente de esas zonas a recibir las se\u00f1ales hoy mismo. MagicTV tambi\u00e9n est\u00e1 pensado para localidades donde no ven algunos canales nacionales, o los reciben con mala calidad. Con MagicTV los recibir\u00e1n todos y con una imagen y calidad espectaculares.<\/span><\/p>\n<p><span style=\"font-weight: 400;\">R\u00edos y Compa\u00f1\u00eda SpA vende directo a clientes finales, distribuidores e instaladores interesados a vender e instalar nuestro decodificador satelital. Hoy tenemos m\u00e1s de 14.000 unidades instaladas a lo largo de todo Chile.<\/span><\/p>\n<p>&nbsp;<\/p>\n","protected":false},"excerpt":{"rendered":"<p>MagicTV es un producto desarrollado y distribuido por R\u00edos y Compa\u00f1\u00eda SpA., empresa ligada al mundo del video profesional desde hace casi 40 a\u00f1os. MagicTV es un sistema satelital auto instalable que permite recibir gratis, y para siempre, los canales nacionales en alta definici\u00f3n. El origen de esto es que existen zonas donde la televisi\u00f3n [&hellip;]<\/p>\n","protected":false},"author":4,"featured_media":0,"parent":0,"menu_order":0,"comment_status":"closed","ping_status":"closed","template":"","meta":{"_et_pb_use_builder":"","_et_pb_old_content":"","_et_gb_content_width":"","footnotes":""},"_links":{"self":[{"href":"https:\/\/magictv.cl\/index.php?rest_route=\/wp\/v2\/pages\/5686"}],"collection":[{"href":"https:\/\/magictv.cl\/index.php?rest_route=\/wp\/v2\/pages"}],"about":[{"href":"https:\/\/magictv.cl\/index.php?rest_route=\/wp\/v2\/types\/page"}],"author":[{"embeddable":true,"href":"https:\/\/magictv.cl\/index.php?rest_route=\/wp\/v2\/users\/4"}],"replies":[{"embeddable":true,"href":"https:\/\/magictv.cl\/index.php?rest_route=%2Fwp%2Fv2%2Fcomments&post=5686"}],"version-history":[{"count":1,"href":"https:\/\/magictv.cl\/index.php?rest_route=\/wp\/v2\/pages\/5686\/revisions"}],"predecessor-version":[{"id":5687,"href":"https:\/\/magictv.cl\/index.php?rest_route=\/wp\/v2\/pages\/5686\/revisions\/5687"}],"wp:attachment":[{"href":"https:\/\/magictv.cl\/index.php?rest_route=%2Fwp%2Fv2%2Fmedia&parent=5686"}],"curies":[{"name":"wp","href":"https:\/\/api.w.org\/{rel}","templated":true}]}}