{"id":4637,"date":"2017-07-25T21:51:58","date_gmt":"2017-07-25T21:51:58","guid":{"rendered":"https:\/\/magictv.cl\/?page_id=4637"},"modified":"2020-08-17T13:26:02","modified_gmt":"2020-08-17T13:26:02","slug":"instaladores","status":"publish","type":"page","link":"https:\/\/magictv.cl\/?page_id=4637","title":{"rendered":"Instaladores"},"content":{"rendered":"<p>[et_pb_section admin_label=\u00bbsection\u00bb transparent_background=\u00bbon\u00bb background_color=\u00bb#ffffff\u00bb allow_player_pause=\u00bboff\u00bb inner_shadow=\u00bboff\u00bb parallax=\u00bboff\u00bb parallax_method=\u00bboff\u00bb padding_mobile=\u00bboff\u00bb make_fullwidth=\u00bboff\u00bb use_custom_width=\u00bboff\u00bb width_unit=\u00bbon\u00bb make_equal=\u00bboff\u00bb use_custom_gutter=\u00bboff\u00bb][et_pb_row admin_label=\u00bbRow\u00bb][et_pb_column type=\u00bb4_4&#8243;][et_pb_text admin_label=\u00bbText Red Instaladores\u00bb background_layout=\u00bbdark\u00bb text_orientation=\u00bbleft\u00bb use_border_color=\u00bboff\u00bb border_color=\u00bb#ffffff\u00bb border_style=\u00bbsolid\u00bb header_font=\u00bb|on|||\u00bb]<\/p>\n<h1>RED DE INSTALADORES RECOMENDADOS<\/h1>\n<p>[\/et_pb_text][et_pb_text admin_label=\u00bbTexto explicativo\u00bb background_layout=\u00bblight\u00bb text_orientation=\u00bbleft\u00bb use_border_color=\u00bboff\u00bb border_color=\u00bb#ffffff\u00bb border_style=\u00bbsolid\u00bb text_font=\u00bb|on|||\u00bb]<\/p>\n<p>A continuaci\u00f3n les dejamos a todos nuestros clientes y futuros clientes, una lista de instaladores recomendados por ustedes mismos o con experiencia instalando MagicTV<\/p>\n<p>No existen tarifas fijas para las instalaciones. Estos instaladores no trabajan para MagicTV, por lo que las tarifas y garant\u00edas las debe realizar el cliente de manera directa con el instalador que contacte, por lo que MagicTV no se hace responsable por los trabajos o garant\u00edas de sus trabajos.<\/p>\n<p>Si tuvo problema con alguno de ellos, inf\u00f3rmenos v\u00eda correo electr\u00f3nico para sacarlo de la lista.<\/p>\n<p>[\/et_pb_text][\/et_pb_column][\/et_pb_row][et_pb_row admin_label=\u00bbRow\u00bb][et_pb_column type=\u00bb1_2&#8243;][et_pb_text admin_label=\u00bbTexto seleccione su regi\u00f3n\u00bb background_layout=\u00bblight\u00bb text_orientation=\u00bbleft\u00bb use_border_color=\u00bboff\u00bb border_color=\u00bb#ffffff\u00bb border_style=\u00bbsolid\u00bb text_font=\u00bb|on|||\u00bb]<\/p>\n<p>Seleccione su regi\u00f3n y se desplegara un cuadro con los instaladores recomendados o con experiencia instalando MagicTV, as\u00ed como sus ciudades y comunas de cobertura.<\/p>\n<p>Algunos de ellos cuentas con kits para la venta:<\/p>\n<p>[\/et_pb_text][et_pb_accordion admin_label=\u00bbAcorde\u00f3n de regiones\u00bb use_border_color=\u00bboff\u00bb border_color=\u00bb#ffffff\u00bb border_style=\u00bbsolid\u00bb open_toggle_background_color=\u00bb#78b829&#8243; open_toggle_text_color=\u00bb#ffffff\u00bb closed_toggle_background_color=\u00bbrgba(69,137,193,0.91)\u00bb closed_toggle_text_color=\u00bb#ffffff\u00bb toggle_text_color=\u00bb#ffffff\u00bb toggle_font=\u00bb|on|||\u00bb] [et_pb_accordion_item title=\u00bbRegi\u00f3n de Arica y Parinacota\u00bb]<\/p>\n<p>&nbsp;<\/p>\n<p><strong>Gonzalo Ceriche<\/strong><br \/>\nArica, valles e interiores<br \/>\n+56 9 9346 1660<br \/>\nreciver_270@hotmail.com<\/p>\n<p>[\/et_pb_accordion_item][et_pb_accordion_item title=\u00bbRegi\u00f3n de Tarapac\u00e1\u00bb]<\/p>\n<p><strong>Ricardo Dom\u00ednguez<\/strong><br \/>\nIquique, Alto Hospicio, Pozo Almonte, Huara, Pica, La Tirana y alrededores<br \/>\n+56 9 7841 8405<br \/>\nricardodominguez2012@gmail.com<\/p>\n<p>[\/et_pb_accordion_item][et_pb_accordion_item title=\u00bbRegi\u00f3n de Antofagasta\u00bb]<\/p>\n<p><strong>Javier Mat\u00edas<\/strong><br \/>\nAntofagasta, Mejillones y alrededores<br \/>\n+56 9 3562 6990<br \/>\nxavi_22@msn.com<\/p>\n<p>[\/et_pb_accordion_item][et_pb_accordion_item title=\u00bbRegi\u00f3n de Atacama\u00bb]<\/p>\n<p><strong>Sebasti\u00e1n Gallardo<\/strong><br \/>\nComuna de Freirina, provincia del Huasco, y alrededores<br \/>\n+56 9 4078 9418<br \/>\nsgsebastiangallardo@gmail.com<\/p>\n<p><strong>Lu\u00eds P\u00e9rez<\/strong><br \/>\nCopiap\u00f3 y alrededores<br \/>\n+56 9 5115 2586<br \/>\ntecnicoluisperez@gmail.com<\/p>\n<p>[\/et_pb_accordion_item][et_pb_accordion_item title=\u00bbRegi\u00f3n de Coquimbo\u00bb]<\/p>\n<p><strong>Enrique Torre<\/strong><br \/>\nRegi\u00f3n del Limar\u00ed y alrededores<br \/>\n+56 9 53321858<br \/>\n+56 9 85176123<br \/>\ntorre2000torre@gmail.com<\/p>\n<p><strong>Yacquelin Calderon Macaya<\/strong><br \/>\nLa Serena, Coquimbo y valles interiores de la comuna de Elqui<br \/>\n+56 9 8235 7512<br \/>\nwiket77@gmail.com<\/p>\n<p><strong>Enoc Vega<\/strong><br \/>\nLocalidades de la provincia del Choapa<br \/>\n+56 9 9268 4945<br \/>\nevpcanela@hotmail.com<\/p>\n<p>[\/et_pb_accordion_item][et_pb_accordion_item title=\u00bbRegi\u00f3n de Valpara\u00edso\u00bb]<\/p>\n<p><strong>Efra\u00edn Ram\u00edrez<\/strong><br \/>\nValpara\u00edso, Vi\u00f1a del Mar, Con Con, Quilpu\u00e9, Villa Alemana, Quintero, Limache y alrededores<br \/>\n+56 9 9274 0578<br \/>\ninstaladormagictv@gmail.com<\/p>\n<p><strong>Sergio Mej\u00edas<\/strong><br \/>\nValparaiso, Vi\u00f1a del Mar, Quilpu\u00e9, Villa Alemana, Quillota, Limache, Olmu\u00e9<br \/>\n+56 9 9696 3245<br \/>\nsmejias.perto@gmail.com<\/p>\n<p><strong>Marco Salazar<\/strong><br \/>\nQuillota y alrededores<br \/>\n+56 9 9073 2544<br \/>\nmarco-salazar@hotmail.com<\/p>\n<p><strong>Jonathan Cornejo<\/strong><br \/>\nVi\u00f1a del Mar y alrededores<br \/>\n+56 9 5408 4012<br \/>\njonacornejocl@gmail.com<\/p>\n<p><strong>Eduardo Zuleta<\/strong><br \/>\nQuilpu\u00e9 y alrededores<br \/>\n+56 9 8157 4303<br \/>\nzuleta.gomez@gmail.com<\/p>\n<p><strong>Miguel D\u00edaz<\/strong><br \/>\nCasablanca hasta Santo Domingo y alrededores<br \/>\n+56 9 8790 1615<br \/>\nmiguel.diaz@canaleshd.cl<\/p>\n<p><strong>Eduardo Astudillo<\/strong><br \/>\nQuillota, Calera, Hijuelas, Mel\u00f3n, Nogales, La Ligua y alrededores<br \/>\n+56 9 9671 5182<br \/>\neduelec@yahoo.es<\/p>\n<p><strong>Juan Acevedo<\/strong><br \/>\nValpara\u00edso, Placilla, Curauma, Casablanca, Vi\u00f1a del Mar y alrededores<br \/>\n+56 9 9986 2629<br \/>\njestebanacevedo@gmail.com<\/p>\n<p><strong>Ren\u00e9 Vidal<br \/>\n<\/strong>Los Andes, San Felipe, Santa Mar\u00eda, Calle larga, Rinconada, Panquehue, Catemu, Llay llay, Putaendo, San Esteban y alrededores<br \/>\n+56 9 8771 3331<br \/>\nvidalpezoa1976@gmail.com<\/p>\n<p>[\/et_pb_accordion_item][et_pb_accordion_item title=\u00bbRegi\u00f3n Metropolitana\u00bb]<\/p>\n<p><strong>Juan Pablo Amigo<\/strong><br \/>\nSantiago<br \/>\n+56 9 9042 8026<br \/>\njuanpablo.amigo@tvn.cl<\/p>\n<p><strong>Claudio Gonz\u00e1lez<\/strong><br \/>\nLa Cisterna y comunas del sector sur de Santiago<br \/>\n+56 9 9748 0139<br \/>\nandiysa@gmail.com<\/p>\n<p><strong>Rodrigo Moya<\/strong><br \/>\nRegi\u00f3n Metropolitana y alrededores<br \/>\n+56 9 7466 7732<br \/>\nrodrigo.moyac@hotmail.com<\/p>\n<p><strong>Miguel D\u00edaz<\/strong><br \/>\nMelipilla(*)<br \/>\n+56 9 8790 1615<br \/>\nmiguel.diaz@canaleshd.cl<\/p>\n<p><strong>Pedro Amador<\/strong><br \/>\nSan Bernardo, El Bosque, La Cisterna, San Miguel y alrededores<br \/>\n+56 9 6840 6250<br \/>\ndiazmancilla101319@gmail.com<\/p>\n<p><strong>Paul Z\u00e1rate<\/strong><br \/>\nTodo Santiago<br \/>\n+56 9 3680 3692<br \/>\npaul.zarate@hotmail.com<\/p>\n<p><strong>Jaime Cerda<\/strong><br \/>\nSantiago y alrededores<br \/>\n+56 9 8143 1594<br \/>\njaime.cerda.m@gmail.com<\/p>\n<p>[\/et_pb_accordion_item][et_pb_accordion_item title=\u00bbRegi\u00f3n del Libertador General Bernardo O&#8217;Higgins\u00bb]<\/p>\n<p><strong>Jos\u00e9 Becerra<\/strong><br \/>\nRancagua y alrededores de la sexta regi\u00f3n (Provincia de Cachapoal)<br \/>\n+56 9 7983 0273<br \/>\njh07hugin@yahoo.es<\/p>\n<p><strong>Cristi\u00e1n Reyes<\/strong><br \/>\nSan Francisco de Mostazal, Graneros, Codegua, Rancagua<br \/>\n+56 9 9697 8497<br \/>\ncreyes81@gmail.com<\/p>\n<p><strong>Juan Andr\u00e9s Escobedo<\/strong><br \/>\nSan Vicente de Tagua Tagua y alrededores<br \/>\n+56 9 9164 8658<br \/>\nescobedohandbol@hotmail.cl<\/p>\n<p><strong>Juan Pablo Rioseco<\/strong><br \/>\nNavidad, Pichilemu, Pupuya, Lolol , Paredones, Santa Cruz y alrededores<br \/>\n+56 9 8313 4136<br \/>\nriosecocorrea@gmail.com<\/p>\n<p><strong>Ricardo Ahumada Leiva \/ Gilberto Ahumada Leyton<\/strong><br \/>\nSector Pichilemu, Cahuil, Bucalenu, Paredones, Litueche, La estrella Rapel, Marchigue y alrededores de la provincia Cardenal Caro<br \/>\n+56 72 2 602099<br \/>\n+56 9 7892 4305<br \/>\n+56 9 9316 4729<br \/>\nahumadaleivaricardo@gmail.com<br \/>\ngahumadaleyton@gmail.com<\/p>\n<p>[\/et_pb_accordion_item][et_pb_accordion_item title=\u00bbRegi\u00f3n del Maule\u00bb]<\/p>\n<p><strong>Juan Pablo Amigo<\/strong><br \/>\nTalca, Comuna de Pelarco y alrededores (fines de semana solamente)<br \/>\n+56 9 9042 8026<br \/>\njuanpablo.amigo@tvn.cl<\/p>\n<p><strong>Claudio Ar\u00e9valo<\/strong><br \/>\nCurico y alrededores<br \/>\n+56 9 7968 2337<br \/>\nclaudiorenata21@gmail.com<\/p>\n<p><strong>Felipe Ampuero<\/strong><br \/>\nCauquenes, Parral, Pelluhue, Chanco, Curanipe, Quirihue, San Javier y alrededores<br \/>\n+56 9 9128 2197<br \/>\nfelipe.ampuero.salazar@gmail.com<\/p>\n<p><strong>Franco Rojas<\/strong><br \/>\nCurico, Teno, Molina, Rauco, Huala\u00f1e, Licanten, Llico, Villa Prat y alrededores.<br \/>\n+56 9 5103 3878<br \/>\nkakofrc@gmail.com<\/p>\n<p><strong>Manuel Navarrete Soto<\/strong><br \/>\nLinares, Talca, Parral, Longav\u00ed, Retiro, Colb\u00f3n, San Javier, Villa alegre, Yerbas Buenas, Curico<br \/>\n+56 9 8217 0826<br \/>\ninstaladorfta@gmail.com<\/p>\n<p><strong>Daniel V\u00e1squez Mu\u00f1oz<\/strong><br \/>\nTalca, Curic\u00f3, Molina, Lontue, Teno y alrededores<br \/>\n+56 9 8252 8564<br \/>\ndannyvasquezmd@gmail.com<\/p>\n<p>[\/et_pb_accordion_item][et_pb_accordion_item title=\u00bbRegi\u00f3n del B\u00edo Bio\u00bb]<\/p>\n<p><strong>Jos\u00e9 Concha<\/strong><br \/>\nChill\u00e1n y alrededores<br \/>\n+56 9 955208410<br \/>\nmagictvcotiza@gmail.com<\/p>\n<p><strong>Vicente Mu\u00f1oz<\/strong><br \/>\nCa\u00f1ete, Los Alamos, Lebu, Curanilahue, Arauco, Tirua, Contulmo<br \/>\n+56 9 6601 5634<br \/>\n+1 (516) 254 8581 (Whatsapp)<br \/>\nvicente.munoz.suazo@hotmail.com<\/p>\n<p><strong>Manuel Escobar<\/strong><br \/>\nConcepci\u00f3n y alrededores<br \/>\n+56 9 6119 3201<br \/>\nequiposfta2016@gmail.com<\/p>\n<p><strong>Ardemil Maldonado<\/strong><br \/>\nNacimiento, Los \u00c1ngeles y alrededores<br \/>\n+56 9 8444 4458<br \/>\nmaldonadoardemil@gmail.com<\/p>\n<p><strong>Marco Zambrano<\/strong><br \/>\nConcepci\u00f3n, Chiguayante, San Pedro de La Paz, Penco, Tom\u00e9, Hualp\u00e9n, Talcahuano, Florida, Quill\u00f3n, Coronel, Lota, Hualqui<br \/>\n+56 9 7247 4226<br \/>\nsatelitalchile@gmail.com<\/p>\n<p><strong>Gonzalo Lagos<\/strong><br \/>\nLos \u00c1ngeles y Provincia del Bio-Bio en General incluyendo las localidades de Antuco, Canteras, Quilleco , Chacayal, Mulchen, Santa B\u00e1rbara, Cabrero, Yumbel, Laja, Nacimiento, Negrete, Angol, Renaico, Collipulli.<br \/>\n+56 9 8844 4773<br \/>\ngonza_33news@yahoo.cl<\/p>\n<p><strong>Mauricio Jara<\/strong><br \/>\nConcepci\u00f3n, Thno, Tom\u00e9, Penco y alrededores<br \/>\n+56 9 7630 0135<br \/>\nmaurijara1965@gmail.com<\/p>\n<p>[\/et_pb_accordion_item][et_pb_accordion_item title=\u00bbRegi\u00f3n de la Araucan\u00eda\u00bb]<\/p>\n<p>&nbsp;<\/p>\n<p><strong>Hugo Carre\u00f1o<\/strong><br \/>\nLoncoche y alrededores<br \/>\n+56 9 6456 2894<br \/>\nproveeledtric@gmail.com<\/p>\n<p><strong>Alejandro Jim\u00e9nez<\/strong><br \/>\nTemuco, Padre Las Casas<br \/>\n+56 9 6483 2398<br \/>\nongcautin@gmail.com<\/p>\n<p><strong>Gustavo Painequeo<\/strong><br \/>\nTemuco, Lautaro, Labranza, Imperial, Galvarino y alrededores<br \/>\n+56 9 5452 2230<br \/>\ngtvo.painequeo@gmail.com<\/p>\n<p><strong>C\u00e9sar Cerda<\/strong><br \/>\nTemuco, Victoria, Villarrica, Puc\u00f3n, Licanray, Cunco, Lautaro, Freire, Imperial, Traigu\u00e9n, Curacaut\u00edn, Llonquimay, Puerto Saavedra y alrededores<br \/>\n+56 9 6277 6076<br \/>\nsoportedrivetec@gmail.com<\/p>\n<p><strong>MiWifi\u00a0SpA<\/strong><br \/>\nVillarrica, Puc\u00f3n, Lican Ray y alrededores<br \/>\n+56 45 279 6364<br \/>\nventas@miwifipro.cl<br \/>\nwww.miwifipro.cl<\/p>\n<p><strong>Jos\u00e9 Campos<\/strong><br \/>\nTemuco y alrededores<br \/>\n+56 9 9906 4944<br \/>\njoko.live.net@gmail.com<\/p>\n<p><strong>C\u00e9sar Miranda<\/strong><br \/>\nTemuco, Villarrica, Pucon, Lautaro, Victoria, Gorbea, Nueva Imperial y alrededores<br \/>\n+56 9 6639 9477<br \/>\n+45 2 736918<br \/>\nlinksurchile@gmail.com<\/p>\n<p><strong>Eduardo Henr\u00edquez<br \/>\n<\/strong>Puc\u00f3n, Molco, Villarrica, Caburga, Curarrehue, Palguin, Catripulli y alrededores<br \/>\n+56 9 7985 6360<br \/>\ninsat.soluciones@gmail.com<strong><\/p>\n<p><\/strong><\/p>\n<p>[\/et_pb_accordion_item][et_pb_accordion_item title=\u00bbRegi\u00f3n de los R\u00edos\u00bb]<\/p>\n<p>&nbsp;<\/p>\n<p><strong>Fernando Carrillo<\/strong><br \/>\nValdivia, Paillaco, Niebla, Corral, Los Lagos, San Jos\u00e9, Mehuin, Lanco, La Uni\u00f3n, Rio Bueno, Mafil, Osorno, Nontuela, Futrono, Crucero, Puerto Nuevo, Antilhue, Reumen, Lago Ranco, Llifen y alrededores.<br \/>\n+56 9 7280 9934<br \/>\nbalmaceda1690@gmail.com<\/p>\n<p><strong>Patricio Guti\u00e9rrez<\/strong><br \/>\nLa Uni\u00f3n, R\u00edo Bueno y alrededores<br \/>\n+56 9 9875 1193<br \/>\npgutierrez66@gmail.com<\/p>\n<p><strong>David Stuardo<\/strong><br \/>\nValdivia, Corral, Panguipulli, Lanco, Mafil, Mariquina, Los Lagos, Rio Bueno, La Uni\u00f3n y alrededores<br \/>\n+56 9 7772 8077<br \/>\ndavid.stuardo.c@gmail.com<\/p>\n<p>[\/et_pb_accordion_item][et_pb_accordion_item title=\u00bbRegi\u00f3n de los Lagos\u00bb]<\/p>\n<p><strong>Francisco Vargas<\/strong><br \/>\nIsla grande de Chiloe<br \/>\n+56 9 8122 5356<br \/>\nfmvargas1425@live.com<\/p>\n<p><strong>Samuel Hueicha<\/strong><br \/>\nQuell\u00f3n<br \/>\n+56 9 98503 0175<br \/>\nsamhueicha@live.cl<\/p>\n<p><strong>Guillermo Ru\u00edz<\/strong><br \/>\nPuerto Montt y alrededores<br \/>\n+56 9 9017 0937<br \/>\ninfo@hgssoluciones.cl<\/p>\n<p><strong>H\u00e9ctor C\u00e1rdenas<\/strong><br \/>\nCastro, Dalcahue, Quemchi, Chonchi, Queilen, Quinchao, Curaco de Velez, Puqueld\u00f3n y alrededores<br \/>\n+56 9 4802 8844<br \/>\nhectorpatricio.cardenas88@gmail.com<\/p>\n<p>[\/et_pb_accordion_item][et_pb_accordion_item title=\u00bbRegi\u00f3n del Gra. Carlos Ib\u00e1nez del Campo\u00bb]<\/p>\n<p><strong>Juan Avilez<\/strong><br \/>\nPuerto Ib\u00e1\u00f1ez, Puerto Chacabuco y sectores rurales cerca de Coyhaique<br \/>\n+56 9 9513 0548<br \/>\nJuan.avilez@hotmail.com<\/p>\n<p>[\/et_pb_accordion_item][et_pb_accordion_item title=\u00bbRegi\u00f3n de Magallanes y de la Ant\u00e1rtica Chilena\u00bb]<\/p>\n<p><strong>Alejandro Holmstrom Molina<\/strong><br \/>\nPunta Arenas y alrededores<br \/>\n+56 9 4552 8455<br \/>\n+61 232 1397<br \/>\nalejoholmstrom@gmail.com<\/p>\n<p>[\/et_pb_accordion_item]<\/p>\n<p>[\/et_pb_accordion][\/et_pb_column][et_pb_column type=\u00bb1_2&#8243;][et_pb_image admin_label=\u00bbImagen mapa de Chile\u00bb src=\u00bbhttp:\/\/magictv.cl\/wp-content\/uploads\/2016\/09\/mapa1.png\u00bb show_in_lightbox=\u00bboff\u00bb url_new_window=\u00bboff\u00bb use_overlay=\u00bboff\u00bb animation=\u00bboff\u00bb sticky=\u00bboff\u00bb align=\u00bbleft\u00bb force_fullwidth=\u00bboff\u00bb always_center_on_mobile=\u00bbon\u00bb use_border_color=\u00bboff\u00bb border_color=\u00bb#ffffff\u00bb border_style=\u00bbsolid\u00bb]<br \/>\n[\/et_pb_image][\/et_pb_column][\/et_pb_row][\/et_pb_section]<\/p>\n","protected":false},"excerpt":{"rendered":"<p>RED DE INSTALADORES RECOMENDADOS A continuaci\u00f3n les dejamos a todos nuestros clientes y futuros clientes, una lista de instaladores recomendados por ustedes mismos o con experiencia instalando MagicTV No existen tarifas fijas para las instalaciones. Estos instaladores no trabajan para MagicTV, por lo que las tarifas y garant\u00edas las debe realizar el cliente de manera [&hellip;]<\/p>\n","protected":false},"author":4,"featured_media":0,"parent":0,"menu_order":0,"comment_status":"closed","ping_status":"closed","template":"","meta":{"_et_pb_use_builder":"on","_et_pb_old_content":"","_et_gb_content_width":"","footnotes":""},"_links":{"self":[{"href":"https:\/\/magictv.cl\/index.php?rest_route=\/wp\/v2\/pages\/4637"}],"collection":[{"href":"https:\/\/magictv.cl\/index.php?rest_route=\/wp\/v2\/pages"}],"about":[{"href":"https:\/\/magictv.cl\/index.php?rest_route=\/wp\/v2\/types\/page"}],"author":[{"embeddable":true,"href":"https:\/\/magictv.cl\/index.php?rest_route=\/wp\/v2\/users\/4"}],"replies":[{"embeddable":true,"href":"https:\/\/magictv.cl\/index.php?rest_route=%2Fwp%2Fv2%2Fcomments&post=4637"}],"version-history":[{"count":54,"href":"https:\/\/magictv.cl\/index.php?rest_route=\/wp\/v2\/pages\/4637\/revisions"}],"predecessor-version":[{"id":5719,"href":"https:\/\/magictv.cl\/index.php?rest_route=\/wp\/v2\/pages\/4637\/revisions\/5719"}],"wp:attachment":[{"href":"https:\/\/magictv.cl\/index.php?rest_route=%2Fwp%2Fv2%2Fmedia&parent=4637"}],"curies":[{"name":"wp","href":"https:\/\/api.w.org\/{rel}","templated":true}]}}