{"id":4412,"date":"2016-11-19T01:54:48","date_gmt":"2016-11-19T01:54:48","guid":{"rendered":"https:\/\/magictv.cl\/?page_id=4412"},"modified":"2017-12-14T11:46:02","modified_gmt":"2017-12-14T11:46:02","slug":"mtv-en-los-medios","status":"publish","type":"page","link":"https:\/\/magictv.cl\/?page_id=4412","title":{"rendered":"MTV en los medios"},"content":{"rendered":"<p>[et_pb_section admin_label=\u00bbsection\u00bb transparent_background=\u00bbon\u00bb background_color=\u00bb#ffffff\u00bb allow_player_pause=\u00bboff\u00bb inner_shadow=\u00bboff\u00bb parallax=\u00bboff\u00bb parallax_method=\u00bboff\u00bb padding_mobile=\u00bboff\u00bb make_fullwidth=\u00bboff\u00bb use_custom_width=\u00bboff\u00bb width_unit=\u00bbon\u00bb make_equal=\u00bboff\u00bb use_custom_gutter=\u00bboff\u00bb][et_pb_row admin_label=\u00bbRow\u00bb][et_pb_column type=\u00bb4_4&#8243;][et_pb_text admin_label=\u00bbMagicTV en los medios\u00bb background_layout=\u00bbdark\u00bb text_orientation=\u00bbleft\u00bb use_border_color=\u00bboff\u00bb border_color=\u00bb#ffffff\u00bb border_style=\u00bbsolid\u00bb header_font=\u00bb|on|||\u00bb]<\/p>\n<h1>MagicTV en los medios<\/h1>\n<p>[\/et_pb_text][\/et_pb_column][\/et_pb_row][et_pb_row admin_label=\u00bbRow\u00bb][et_pb_column type=\u00bb4_4&#8243;][et_pb_text admin_label=\u00bbTexto Enlaces\u00bb background_layout=\u00bblight\u00bb text_orientation=\u00bbleft\u00bb use_border_color=\u00bboff\u00bb border_color=\u00bb#ffffff\u00bb border_style=\u00bbsolid\u00bb text_font=\u00bb|on|||\u00bb]<\/p>\n<p>La propuesta de MagicTV ha levantado el inter\u00e9s p\u00fablico de sitios especializados y prensa. En esta secci\u00f3n presentaremos algunos de los m\u00e1s importantes mensajes encontrados en los medios en caso de dudas de como es nuestra propuesta.<br\\><\/p>\n<p><strong>Implementaci\u00f3n TVD en Chile (TVN) &#8211; 11 de Diciembre 2017<\/strong><br \/>\n<video controls=\"controls\" width=\"853\" height=\"480\"><source src=\"http:\/\/magictv.cl\/wp-content\/uploads\/2017\/12\/TVN_Noticias.mp4\" type=\"video\/mp4\"><\/video><\/p>\n<p><strong>Implementaci\u00f3n TVD en Chile (Canal 13) &#8211; 11 de Diciembre 2017<\/strong><br \/>\n<video controls=\"controls\" width=\"853\" height=\"480\"><source src=\"http:\/\/magictv.cl\/wp-content\/uploads\/2017\/12\/Canal13_Noticias.mp4\" type=\"video\/mp4\"><\/video><\/p>\n<p><strong>Implementaci\u00f3n TVD en Chile y llamado a vota (Mega) &#8211; 11 de Diciembre 2017<\/strong><br \/>\n<video controls=\"controls\" width=\"853\" height=\"480\"><source src=\"http:\/\/magictv.cl\/wp-content\/uploads\/2017\/12\/MEGA_Noticias.mp4\" type=\"video\/mp4\"><\/video><\/p>\n<p><strong>El Mercurio &#8211; 11 de Diciembre 2017<\/strong><br \/>\n<a href=\"http:\/\/www.emol.com\/noticias\/Nacional\/2017\/12\/11\/886832\/Bachelet-a-seis-dias-de-las-elecciones-De-ustedes-depende-que-podamos-seguir-avanzando-como-pais.html\" target=\"_blank\" rel=\"noopener noreferrer\"><img loading=\"lazy\" decoding=\"async\" class=\"alignnone wp-image-4415 size-full\" src=\"http:\/\/magictv.cl\/wp-content\/uploads\/2017\/12\/EMOL.png\" alt=\"lun\" width=\"200\" height=\"150\"><\/a><\/p>\n<p><strong>Publimetro &#8211; 11 de Diciembre 2017<\/strong><br \/>\n<a href=\"https:\/\/www.publimetro.cl\/cl\/entretenimiento\/2017\/12\/11\/combarbala-se-instalo-primer-piloto-television-digital-senal-abierta.html\" target=\"_blank\" rel=\"noopener noreferrer\"><img loading=\"lazy\" decoding=\"async\" class=\"alignnone wp-image-4415 size-full\" src=\"http:\/\/magictv.cl\/wp-content\/uploads\/2017\/12\/Publimetro.png\" alt=\"lun\" width=\"200\" height=\"150\"><\/a><\/p>\n<p><strong>El D\u00eda &#8211; 11 de Diciembre 2017<\/strong><br \/>\n<a href=\"http:\/\/www.diarioeldia.cl\/region\/presidenta-bachelet-entrega-kits-television-digital-familias-sector-rural-en-region\" target=\"_blank\" rel=\"noopener noreferrer\"><img loading=\"lazy\" decoding=\"async\" class=\"alignnone wp-image-4415 size-full\" src=\"http:\/\/magictv.cl\/wp-content\/uploads\/2017\/12\/ElDia-Dic.png\" alt=\"lun\" width=\"200\" height=\"150\"><\/a><\/p>\n<p><strong>Zoom Tecnol\u00f3gico &#8211; 26 de Julio 2017<\/strong><br \/>\n<a href=\"https:\/\/www.zoomtecnologico.com\/2017\/07\/26\/television-digital-en-chile\/\" target=\"_blank\" rel=\"noopener noreferrer\"><img loading=\"lazy\" decoding=\"async\" class=\"alignnone wp-image-4415 size-full\" src=\"http:\/\/magictv.cl\/wp-content\/uploads\/2017\/07\/ZoomTecnologico.png\" alt=\"lun\" width=\"200\" height=\"150\"><\/a><\/p>\n<p><strong>El Ciudadano &#8211; 21 de Julio 2017<\/strong><br \/>\n<a href=\"http:\/\/www.elciudadano.cl\/medios\/las-10-cosas-que-hay-que-saber-de-la-ley-de-television-digital\/07\/21\/\" target=\"_blank\" rel=\"noopener noreferrer\"><img loading=\"lazy\" decoding=\"async\" class=\"alignnone wp-image-4415 size-full\" src=\"http:\/\/magictv.cl\/wp-content\/uploads\/2017\/07\/ElCiudadano.png\" alt=\"lun\" width=\"200\" height=\"150\"><\/a><\/p>\n<p><strong>Rese\u00f1a Radio Hoy \/ Vida Tecno &#8211; 6 de Junio 2017<\/strong><\/p>\n<p><!--[if lt IE 9]><script>document.createElement('audio');<\/script><![endif]-->\n<audio class=\"wp-audio-shortcode\" id=\"audio-4412-1\" preload=\"none\" style=\"width: 100%;\" controls=\"controls\"><source type=\"audio\/mpeg\" src=\"http:\/\/magictv.cl\/wp-content\/uploads\/2017\/07\/100717-radiohoy-vidatecno-magictv.mp3?_=1\" \/><a href=\"http:\/\/magictv.cl\/wp-content\/uploads\/2017\/07\/100717-radiohoy-vidatecno-magictv.mp3\">http:\/\/magictv.cl\/wp-content\/uploads\/2017\/07\/100717-radiohoy-vidatecno-magictv.mp3<\/a><\/audio><br\\><\/p>\n<p><strong>TVD Al d\u00eda &#8211; 5 de Julio 2017<\/strong><br \/>\n<a href=\"http:\/\/tvdaldia.lateleseguncaamano.com\/canales-magic-tv\/\" target=\"_blank\" rel=\"noopener noreferrer\"><img loading=\"lazy\" decoding=\"async\" class=\"alignnone wp-image-4415 size-full\" src=\"http:\/\/magictv.cl\/wp-content\/uploads\/2017\/07\/TVDAlDia-CanalesMTV.png\" alt=\"lun\" width=\"200\" height=\"150\"><\/a><\/p>\n<p><strong>Mundoenlinea.cl &#8211; 5 de Julio 2017<\/strong><br \/>\n<a href=\"http:\/\/www.mundoenlinea.cl\/noticia.php?noticia_id=35015&amp;categoria_id=58\" target=\"_blank\" rel=\"noopener noreferrer\"><img loading=\"lazy\" decoding=\"async\" class=\"alignnone wp-image-4415 size-full\" src=\"http:\/\/magictv.cl\/wp-content\/uploads\/2017\/07\/MundoenlineaCL.png\" alt=\"lun\" width=\"200\" height=\"150\"><\/a><\/p>\n<p><strong>Diario La Regi\u00f3n de Coquimbo &#8211; 24 de Junio 2017<\/strong><br \/>\n<a href=\"http:\/\/magictv.cl\/wp-content\/uploads\/2017\/07\/Diario_la_region.pdf\" target=\"_blank\" rel=\"noopener noreferrer\"><img loading=\"lazy\" decoding=\"async\" class=\"alignnone wp-image-4415 size-full\" src=\"http:\/\/magictv.cl\/wp-content\/uploads\/2017\/07\/Diario_La_Region_de_Coquimbo.png\" alt=\"lun\" width=\"200\" height=\"150\"><\/a><\/p>\n<p><strong>Tiempo21 &#8211; 23 de Junio 2017<\/strong><br \/>\n<a href=\"http:\/\/tiempo21araucania.cl\/las-10-cosas-que-hay-que-saber-de-la-ley-de-television-digital\/\" target=\"_blank\" rel=\"noopener noreferrer\"><img loading=\"lazy\" decoding=\"async\" class=\"alignnone wp-image-4415 size-full\" src=\"http:\/\/magictv.cl\/wp-content\/uploads\/2017\/07\/Tiempo21.png\" alt=\"lun\" width=\"200\" height=\"150\"><\/a><\/p>\n<p><strong>TVD Al d\u00eda &#8211; 14 de Junio 2017<\/strong><br \/>\n<a href=\"http:\/\/tvdaldia.lateleseguncaamano.com\/preguntas-frecuentes\/\" target=\"_blank\" rel=\"noopener noreferrer\"><img loading=\"lazy\" decoding=\"async\" class=\"alignnone wp-image-4415 size-full\" src=\"http:\/\/magictv.cl\/wp-content\/uploads\/2017\/07\/TVDAlDia-FAQ.png\" alt=\"lun\" width=\"200\" height=\"150\"><\/a><\/p>\n<p><strong>Entrevista en Vivo \/ La comunidad del Contenido en Movimiento (Canal TVU Concepci\u00f3n) &#8211; 12 de Junio 2017<\/strong><br \/>\n<video controls=\"controls\" width=\"912\" height=\"536\"><source src=\"http:\/\/magictv.cl\/wp-content\/uploads\/2017\/06\/130617-tvu-lacomunidad-magictv.mp4\" type=\"video\/mp4\"><\/video><\/p>\n<p><strong>Contacto telef\u00f3nico Radio Sol \/ Como Pedro por su Casa (Antofagasta) &#8211; 6 de Junio 2017<\/strong><\/p>\n<p><audio class=\"wp-audio-shortcode\" id=\"audio-4412-2\" preload=\"none\" style=\"width: 100%;\" controls=\"controls\"><source type=\"audio\/mpeg\" src=\"http:\/\/magictv.cl\/wp-content\/uploads\/2017\/06\/060617-radiosol-comopedroporsucasa.mp3?_=2\" \/><a href=\"http:\/\/magictv.cl\/wp-content\/uploads\/2017\/06\/060617-radiosol-comopedroporsucasa.mp3\">http:\/\/magictv.cl\/wp-content\/uploads\/2017\/06\/060617-radiosol-comopedroporsucasa.mp3<\/a><\/audio><br\\><\/p>\n<p><strong>Contacto telef\u00f3nico Radio Maray \/ Matinal (Copiap\u00f3) &#8211; 5 de Junio 2017<\/strong><\/p>\n<p><audio class=\"wp-audio-shortcode\" id=\"audio-4412-3\" preload=\"none\" style=\"width: 100%;\" controls=\"controls\"><source type=\"audio\/mpeg\" src=\"http:\/\/magictv.cl\/wp-content\/uploads\/2017\/06\/050617-maray-matinal.mp3?_=3\" \/><a href=\"http:\/\/magictv.cl\/wp-content\/uploads\/2017\/06\/050617-maray-matinal.mp3\">http:\/\/magictv.cl\/wp-content\/uploads\/2017\/06\/050617-maray-matinal.mp3<\/a><\/audio><br\\><\/p>\n<p><strong>Diario Emisor Digital &#8211; 23 de Mayo 2017<\/strong><br \/>\n<a href=\"https:\/\/diarioemisordigital.wordpress.com\/2017\/05\/23\/como-se-viene-a-chile-el-futuro-de-la-television-en-hd\/\" target=\"_blank\" rel=\"noopener noreferrer\"><img loading=\"lazy\" decoding=\"async\" class=\"alignnone wp-image-4415 size-full\" src=\"http:\/\/magictv.cl\/wp-content\/uploads\/2017\/05\/Diario_Emisor_Digital.png\" alt=\"lun\" width=\"200\" height=\"150\"><\/a><\/p>\n<p><strong>Tendencias La Tercera &#8211; 15 de Mayo 2017<\/strong><br \/>\n<a href=\"http:\/\/publirreportajes.latercera.com\/magictv\/\" target=\"_blank\" rel=\"noopener noreferrer\"><img loading=\"lazy\" decoding=\"async\" class=\"alignnone wp-image-4415 size-full\" src=\"http:\/\/magictv.cl\/wp-content\/uploads\/2017\/05\/TendenciasLT.png\" alt=\"lun\" width=\"200\" height=\"150\"><\/a><\/p>\n<p><strong>Austral de Llanquihue &#8211; 14 de Mayo 2017<\/strong><br \/>\n<a href=\"http:\/\/www.ellanquihue.cl\/impresa\/2017\/05\/14\/full\/cuerpo-clasificados\/4\/\" target=\"_blank\" rel=\"noopener noreferrer\"><img loading=\"lazy\" decoding=\"async\" class=\"alignnone wp-image-4415 size-full\" src=\"http:\/\/magictv.cl\/wp-content\/uploads\/2017\/05\/Austral.png\" alt=\"lun\" width=\"200\" height=\"150\"><\/a><\/p>\n<p><strong>Austral de Valdivia &#8211; 14 de Mayo 2017<\/strong><br \/>\n<a href=\"http:\/\/www.australvaldivia.cl\/impresa\/2017\/05\/14\/full\/cuerpo-clasificados\/4\/\" target=\"_blank\" rel=\"noopener noreferrer\"><img loading=\"lazy\" decoding=\"async\" class=\"alignnone wp-image-4415 size-full\" src=\"http:\/\/magictv.cl\/wp-content\/uploads\/2017\/05\/Austral.png\" alt=\"lun\" width=\"200\" height=\"150\"><\/a><\/p>\n<p><strong>Austral de Osorno &#8211; 14 de Mayo 2017<\/strong><br \/>\n<a href=\"http:\/\/www.australosorno.cl\/impresa\/2017\/05\/14\/full\/cuerpo-clasificados\/4\/\" target=\"_blank\" rel=\"noopener noreferrer\"><img loading=\"lazy\" decoding=\"async\" class=\"alignnone wp-image-4415 size-full\" src=\"http:\/\/magictv.cl\/wp-content\/uploads\/2017\/05\/Austral.png\" alt=\"lun\" width=\"200\" height=\"150\"><\/a><\/p>\n<p><strong>Terra &#8211; 12 de Mayo 2017<\/strong><br \/>\n<a href=\"https:\/\/www.terra.cl\/noticias\/tecnologia\/por-que-hoy-no-podemos-ver-tv-en-hd-gratis-en-todo-chile,f756b98a03fec995afa950a6628e1387zd7gpwun.html\" target=\"_blank\" rel=\"noopener noreferrer\"><img loading=\"lazy\" decoding=\"async\" class=\"alignnone wp-image-4415 size-full\" src=\"http:\/\/magictv.cl\/wp-content\/uploads\/2017\/05\/Terra.png\" alt=\"lun\" width=\"200\" height=\"150\"><\/a><\/p>\n<p><strong>El Longino (Iquique) &#8211; 10 de Mayo 2017<\/strong><br \/>\n<a href=\" http:\/\/magictv.cl\/wp-content\/uploads\/2017\/05\/longinoiqqmayo10-pag14.pdf\" target=\"_blank\" rel=\"noopener noreferrer\"><img loading=\"lazy\" decoding=\"async\" class=\"alignnone wp-image-4415 size-full\" src=\"http:\/\/magictv.cl\/wp-content\/uploads\/2017\/05\/El_Longino_de_Iquique.png\" alt=\"lun\" width=\"200\" height=\"150\"><\/a><\/p>\n<p><strong>Trendy Tec &#8211; 8 de Mayo 2017<\/strong><br \/>\n<a href=\"https:\/\/trendytec.cl\/por-que-hoy-no-podemos-ver-tv-en-hd-gratis-en-todo-chile\/\" target=\"_blank\" rel=\"noopener noreferrer\"><img loading=\"lazy\" decoding=\"async\" class=\"alignnone wp-image-4415 size-full\" src=\"http:\/\/magictv.cl\/wp-content\/uploads\/2017\/05\/Trendy_Tec.png\" alt=\"lun\" width=\"200\" height=\"150\"><\/a><\/p>\n<p><strong>Entorno Inteligente &#8211; 8 de Mayo 2017<\/strong><br \/>\n<a href=\"http:\/\/www.entornointeligente.com\/articulo\/9955482\/Por-que-hoy-no-podemos-ver-TV-en-HD-gratis-en-todo-Chile-08052017\" target=\"_blank\" rel=\"noopener noreferrer\"><img loading=\"lazy\" decoding=\"async\" class=\"alignnone wp-image-4415 size-full\" src=\"http:\/\/magictv.cl\/wp-content\/uploads\/2017\/05\/Entorno_Inteligente.png\" alt=\"lun\" width=\"200\" height=\"150\"><\/a><\/p>\n<p><strong>Araucan\u00eda Noticias &#8211; 29 de Abril 2017<\/strong><br \/>\n<a href=\"https:\/\/www.araucanianoticias.cl\/2017\/por-qu-hoy-no-podemos-ver-tv-en-hd-gratis-en-todo-chile\/0429113356\" target=\"_blank\" rel=\"noopener noreferrer\"><img loading=\"lazy\" decoding=\"async\" class=\"alignnone wp-image-4415 size-full\" src=\"http:\/\/magictv.cl\/wp-content\/uploads\/2017\/05\/Araucania_Noticias.png\" alt=\"lun\" width=\"200\" height=\"150\"><\/a><\/p>\n<p><strong>Contacto telef\u00f3nico Radio RDI \/ Buenas tardes (Concepci\u00f3n) &#8211; 27 de Abril 2017<\/strong><\/p>\n<p><audio class=\"wp-audio-shortcode\" id=\"audio-4412-4\" preload=\"none\" style=\"width: 100%;\" controls=\"controls\"><source type=\"audio\/mpeg\" src=\"http:\/\/magictv.cl\/wp-content\/uploads\/2017\/05\/270417-radiordiconcepcion-buenastardes-magictv.mp3?_=4\" \/><a href=\"http:\/\/magictv.cl\/wp-content\/uploads\/2017\/05\/270417-radiordiconcepcion-buenastardes-magictv.mp3\">http:\/\/magictv.cl\/wp-content\/uploads\/2017\/05\/270417-radiordiconcepcion-buenastardes-magictv.mp3<\/a><\/audio><br\\><\/p>\n<p><strong>UCV Medios &#8211; 26 de Abril 2017<\/strong><br \/>\n<a href=\" http:\/\/www.ucvmedios.cl\/ucv-radio-noticia.php?nid=36134\" target=\"_blank\" rel=\"noopener noreferrer\"><img loading=\"lazy\" decoding=\"async\" class=\"alignnone wp-image-4415 size-full\" src=\"http:\/\/magictv.cl\/wp-content\/uploads\/2017\/05\/UCV.png\" alt=\"lun\" width=\"200\" height=\"150\"><\/a><\/p>\n<p><strong>Contacto telef\u00f3nico Radio Femenina \/ Disco Club (Concepci\u00f3n) &#8211; 21 de Abril 2017<\/strong><\/p>\n<p><audio class=\"wp-audio-shortcode\" id=\"audio-4412-5\" preload=\"none\" style=\"width: 100%;\" controls=\"controls\"><source type=\"audio\/mpeg\" src=\"http:\/\/magictv.cl\/wp-content\/uploads\/2017\/04\/210417-femeninafm-discoclub-magictv.mp3?_=5\" \/><a href=\"http:\/\/magictv.cl\/wp-content\/uploads\/2017\/04\/210417-femeninafm-discoclub-magictv.mp3\">http:\/\/magictv.cl\/wp-content\/uploads\/2017\/04\/210417-femeninafm-discoclub-magictv.mp3<\/a><\/audio><br\\><\/p>\n<p><strong>Contacto telef\u00f3nico AERadio \/ Acceso Directo (Concepci\u00f3n) &#8211; 21 de Abril 2017<\/strong><\/p>\n<p><audio class=\"wp-audio-shortcode\" id=\"audio-4412-6\" preload=\"none\" style=\"width: 100%;\" controls=\"controls\"><source type=\"audio\/mpeg\" src=\"http:\/\/magictv.cl\/wp-content\/uploads\/2017\/04\/210417-aeradio-accesodirecto-magictv.mp3?_=6\" \/><a href=\"http:\/\/magictv.cl\/wp-content\/uploads\/2017\/04\/210417-aeradio-accesodirecto-magictv.mp3\">http:\/\/magictv.cl\/wp-content\/uploads\/2017\/04\/210417-aeradio-accesodirecto-magictv.mp3<\/a><\/audio><br\\><\/p>\n<p><strong>Diario El D\u00eda &#8211; 18 de Abril 2017<\/strong><br \/>\n<a href=\" http:\/\/www.diarioeldia.cl\/tendencias\/por-que-hoy-no-podemos-ver-tv-en-hd-gratis-en-todo-chile\" target=\"_blank\" rel=\"noopener noreferrer\"><img loading=\"lazy\" decoding=\"async\" class=\"alignnone wp-image-4415 size-full\" src=\"http:\/\/magictv.cl\/wp-content\/uploads\/2017\/04\/ElDia.png\" alt=\"lun\" width=\"200\" height=\"150\"><\/a><\/p>\n<p><strong>Contacto telef\u00f3nico Radio Riquelme (Coquimbo) &#8211; 11 de Abril 2017<\/strong><\/p>\n<p><audio class=\"wp-audio-shortcode\" id=\"audio-4412-7\" preload=\"none\" style=\"width: 100%;\" controls=\"controls\"><source type=\"audio\/mpeg\" src=\"http:\/\/magictv.cl\/wp-content\/uploads\/2016\/11\/110417-radioriquelme-matinal-magictv.mp3?_=7\" \/><a href=\"http:\/\/magictv.cl\/wp-content\/uploads\/2016\/11\/110417-radioriquelme-matinal-magictv.mp3\">http:\/\/magictv.cl\/wp-content\/uploads\/2016\/11\/110417-radioriquelme-matinal-magictv.mp3<\/a><\/audio><br\\><\/p>\n<p><strong>Contacto telef\u00f3nico Radio Montecarlo (La Serena) &#8211; 10 de Abril 2017<\/strong><\/p>\n<p><audio class=\"wp-audio-shortcode\" id=\"audio-4412-8\" preload=\"none\" style=\"width: 100%;\" controls=\"controls\"><source type=\"audio\/mpeg\" src=\"http:\/\/magictv.cl\/wp-content\/uploads\/2016\/11\/100417-montecarlofm-ideologicamenteverdadero-magictv.mp3?_=8\" \/><a href=\"http:\/\/magictv.cl\/wp-content\/uploads\/2016\/11\/100417-montecarlofm-ideologicamenteverdadero-magictv.mp3\">http:\/\/magictv.cl\/wp-content\/uploads\/2016\/11\/100417-montecarlofm-ideologicamenteverdadero-magictv.mp3<\/a><\/audio><br\\><\/p>\n<p><strong>Las \u00daltimas Noticias &#8211; 10 de Marzo 2017, p\u00e1gina 64<\/strong><br \/>\n<a href=\" http:\/\/www.lun.com\/Pages\/NewsDetail.aspx?dt=2017-03-10&amp;PaginaId=64&amp;bodyid=0\" target=\"_blank\" rel=\"noopener noreferrer\"><img loading=\"lazy\" decoding=\"async\" class=\"alignnone wp-image-4415 size-full\" src=\"http:\/\/magictv.cl\/wp-content\/uploads\/2017\/03\/LUN2.png\" alt=\"lun\" width=\"200\" height=\"258\"><\/a><\/p>\n<p><strong>Con MagicTV podremos cubrir todo el territorio de Chile con calidad HD &#8211; 11 de Noviembre 2016<\/strong><br \/>\n<a href=\" http:\/\/www1.produ.com\/noticias\/142720?fbp=72711\" target=\"_blank\" rel=\"noopener noreferrer\"><img loading=\"lazy\" decoding=\"async\" class=\"alignnone wp-image-4414 size-full\" src=\"http:\/\/magictv.cl\/wp-content\/uploads\/2016\/11\/Produ.png\" alt=\"8gigas\" width=\"200\" height=\"119\"><\/a><\/p>\n<p><strong>Las \u00daltimas Noticias &#8211; 10 de Noviembre 2016, p\u00e1gina 48<\/strong><br \/>\n<a href=\" http:\/\/www.lun.com\/Pages\/NewsDetail.aspx?dt=2016-11-10&amp;PaginaId=48&amp;bodyid=0\" target=\"_blank\" rel=\"noopener noreferrer\"><img loading=\"lazy\" decoding=\"async\" class=\"alignnone wp-image-4415 size-full\" src=\"http:\/\/magictv.cl\/wp-content\/uploads\/2016\/11\/LUN.png\" alt=\"lun\" width=\"200\" height=\"258\"><\/a><\/p>\n<p><strong>Completo review de parte de los amigos de 8Gigas.com &#8211; 12 de Octubre 2016<\/strong><br \/>\n<a href=\" http:\/\/www.8gigas.com\/2016\/10\/12\/7438\/magic-tv-deco-hd-nacionales-todo-chile\/\" target=\"_blank\" rel=\"noopener noreferrer\"><img loading=\"lazy\" decoding=\"async\" class=\"alignnone wp-image-4414 size-full\" src=\"http:\/\/magictv.cl\/wp-content\/uploads\/2016\/11\/8Gigas.png\" alt=\"8gigas\" width=\"200\" height=\"119\"><\/a><\/p>\n<p><\/br\\><\/p>\n<p><\/br\\><\/br\\><\/br\\><\/br\\><\/br\\><\/br\\><\/br\\><\/p>\n<p><\/br\\><\/p>\n<p>[\/et_pb_text][\/et_pb_column][\/et_pb_row][\/et_pb_section]<\/p>\n","protected":false},"excerpt":{"rendered":"<p>MagicTV en los medios La propuesta de MagicTV ha levantado el inter\u00e9s p\u00fablico de sitios especializados y prensa. En esta secci\u00f3n presentaremos algunos de los m\u00e1s importantes mensajes encontrados en los medios en caso de dudas de como es nuestra propuesta. Implementaci\u00f3n TVD en Chile (TVN) &#8211; 11 de Diciembre 2017 Implementaci\u00f3n TVD en Chile [&hellip;]<\/p>\n","protected":false},"author":4,"featured_media":0,"parent":0,"menu_order":0,"comment_status":"closed","ping_status":"closed","template":"","meta":{"_et_pb_use_builder":"on","_et_pb_old_content":"<p>Esta es una p\u00e1gina de ejemplo. Es diferente a una entrada del blog, ya que se quedar\u00e1 en un lugar y se mostrar\u00e1 en la navegaci\u00f3n del sitio (en la mayor\u00eda de temas). La mayor\u00eda de personas empieza con una p\u00e1gina \"Acerca de\" que brinda informaci\u00f3n a los visitantes. Se podr\u00eda decir algo como esto:<\/p><blockquote><p>\u00a1Hola! Durante el d\u00eda soy un mensajero, un aspirante a actor por la noche, y este es mi blog. Vivo en Valpara\u00edso, tengo un enorme perro llamado Pocho, y me gustan las cervezas muy heladas. (Y caminar por la playa.)<\/p><\/blockquote><p>...o algo como esto:<\/p><blockquote><p>La compa\u00f1\u00eda XYZ, se fund\u00f3 en 1971, y ha estado desde entonces, proporcionando artilugios de calidad al p\u00fablico. Est\u00e1 situada en la ciudad de Concepci\u00f3n, Chile y emplea a m\u00e1s de 2,000 personas. Hace todo tipo de cosas sorprendentes para la comunidad penquista.<\/p><\/blockquote><p>Como nuevo usuario de WordPress, debes ir a <a href=\"https:\/\/magictv.cl\/wp-admin\/\">tu panel<\/a> para eliminar esta p\u00e1gina y crear nuevas para tu contenido. \u00a1Que te diviertas!<\/p>","_et_gb_content_width":"","footnotes":""},"_links":{"self":[{"href":"https:\/\/magictv.cl\/index.php?rest_route=\/wp\/v2\/pages\/4412"}],"collection":[{"href":"https:\/\/magictv.cl\/index.php?rest_route=\/wp\/v2\/pages"}],"about":[{"href":"https:\/\/magictv.cl\/index.php?rest_route=\/wp\/v2\/types\/page"}],"author":[{"embeddable":true,"href":"https:\/\/magictv.cl\/index.php?rest_route=\/wp\/v2\/users\/4"}],"replies":[{"embeddable":true,"href":"https:\/\/magictv.cl\/index.php?rest_route=%2Fwp%2Fv2%2Fcomments&post=4412"}],"version-history":[{"count":33,"href":"https:\/\/magictv.cl\/index.php?rest_route=\/wp\/v2\/pages\/4412\/revisions"}],"predecessor-version":[{"id":4758,"href":"https:\/\/magictv.cl\/index.php?rest_route=\/wp\/v2\/pages\/4412\/revisions\/4758"}],"wp:attachment":[{"href":"https:\/\/magictv.cl\/index.php?rest_route=%2Fwp%2Fv2%2Fmedia&parent=4412"}],"curies":[{"name":"wp","href":"https:\/\/api.w.org\/{rel}","templated":true}]}}