{"id":4185,"date":"2016-09-27T13:04:47","date_gmt":"2016-09-27T13:04:47","guid":{"rendered":"https:\/\/magictv.cl\/?page_id=4185"},"modified":"2016-10-18T20:50:58","modified_gmt":"2016-10-18T20:50:58","slug":"terminos-y-condiciones","status":"publish","type":"page","link":"https:\/\/magictv.cl\/?page_id=4185","title":{"rendered":"T\u00e9rminos y Condiciones"},"content":{"rendered":"<p>[et_pb_section admin_label=\u00bbsection\u00bb transparent_background=\u00bbon\u00bb background_color=\u00bb#ffffff\u00bb allow_player_pause=\u00bboff\u00bb inner_shadow=\u00bboff\u00bb parallax=\u00bboff\u00bb parallax_method=\u00bboff\u00bb padding_mobile=\u00bboff\u00bb make_fullwidth=\u00bboff\u00bb use_custom_width=\u00bboff\u00bb width_unit=\u00bbon\u00bb make_equal=\u00bboff\u00bb use_custom_gutter=\u00bboff\u00bb][et_pb_row admin_label=\u00bbRow\u00bb][et_pb_column type=\u00bb4_4&#8243;][et_pb_text admin_label=\u00bbTerminos y condiciones\u00bb background_layout=\u00bbdark\u00bb text_orientation=\u00bbleft\u00bb use_border_color=\u00bboff\u00bb border_color=\u00bb#ffffff\u00bb border_style=\u00bbsolid\u00bb header_font=\u00bb|on|||\u00bb]<\/p>\n<h1>T\u00c9RMINOS Y CONDICIONES<\/h1>\n<p>[\/et_pb_text][\/et_pb_column][\/et_pb_row][et_pb_row admin_label=\u00bbRow\u00bb][et_pb_column type=\u00bb4_4&#8243;][et_pb_text admin_label=\u00bbDetalle terminos y condiciones\u00bb background_layout=\u00bblight\u00bb text_orientation=\u00bbleft\u00bb use_border_color=\u00bboff\u00bb border_color=\u00bb#ffffff\u00bb border_style=\u00bbsolid\u00bb text_font=\u00bb|on|||\u00bb]<\/p>\n<ul>\n<li>MagicTV no se hace responsable por el mal uso de las partes del kit que comercializa<\/li>\n<li>MagicTV no se hace responsable por da\u00f1os o perjuicios a inmuebles durante la instalaci\u00f3n<\/li>\n<li>MagicTV no se hace responsable por accidentes durante la instalaci\u00f3n del kit por parte del cliente<\/li>\n<li>El acceso a las aplicaciones son responsabilidade de los desarrolladores de estas y no de MagicTV<\/li>\n<li>MagicTV no se hace responsable por cambios en las API de las aplicaciones, que pueden generar que estas anden de manera deficiente o simplemente no funcionen. MagicTV se compromete en estos casos a entregar la nueva actualizaci\u00f3n lo antes posible<\/li>\n<li>La disponibilidad y calidad de las se\u00f1ales en el sat\u00e9lite, no son responsabilidad de MagicTV<\/li>\n<li>MagicTV trabaja constantemente en desarrollar nuevas aplicaciones, las que ser\u00e1n agregadas autom\u00e1ticamente en todos los decodificadores una vez homologadas<\/li>\n<li>MagicTV no se hace responsable por las aplicaciones de pago de terceros<\/li>\n<li>MagicTV no vende sus productos ni hace env\u00edos fuera del territorio Chileno<\/li>\n<li>Para cambios o devoluciones favor referirse a la informaci\u00f3n contenida en\u00a0la secci\u00f3n Garant\u00eda de nuestra p\u00e1gina web<\/li>\n<li>La garant\u00eda y las condiciones de estas se encuentran en un papel dentro de la caja de cada kit y se encuentra disponible en la secci\u00f3n Garant\u00eda de nuestra p\u00e1gina web<\/li>\n<\/ul>\n<p>[\/et_pb_text][\/et_pb_column][\/et_pb_row][et_pb_row admin_label=\u00bbRow\u00bb][et_pb_column type=\u00bb4_4&#8243;][et_pb_text admin_label=\u00bbCompras Web\u00bb background_layout=\u00bbdark\u00bb text_orientation=\u00bbleft\u00bb use_border_color=\u00bboff\u00bb border_color=\u00bb#ffffff\u00bb border_style=\u00bbsolid\u00bb header_font=\u00bb|on|||\u00bb]<\/p>\n<h1>COMPRAS A TRAV\u00c9S DE NUESTRO SITIO WEB<\/h1>\n<p>[\/et_pb_text][\/et_pb_column][\/et_pb_row][et_pb_row admin_label=\u00bbRow\u00bb][et_pb_column type=\u00bb4_4&#8243;][et_pb_text admin_label=\u00bbDetalle compras Web\u00bb background_layout=\u00bblight\u00bb text_orientation=\u00bbleft\u00bb use_border_color=\u00bboff\u00bb border_color=\u00bb#ffffff\u00bb border_style=\u00bbsolid\u00bb text_font=\u00bb|on|||\u00bb]<\/p>\n<div>\n<ul>\n<li>Las compras hechas a trav\u00e9s de nuestro sitio web no son transaccionales, por lo que MagicTV no se hace responsable por los certificados digitales de las plataformas de pago que use el cliente<\/li>\n<li>Las ordenes de compra hechas a trav\u00e9s de nuestro sitio web, no generan reserva de productos hasta despu\u00e9s de haber recibido el comprobante de pago respectivo:\n<ul>\n<li>Para transferencias electr\u00f3nicas, el comprobante debe ser enviado a ventasweb@magictv.cl \u00a0indicando el n\u00famero de orden asociado a tu cuenta.<\/li>\n<li>Para dep\u00f3sitos en nuestra cuenta del Banco de Chile, se debe enviar una fotograf\u00eda del comprobante y enviar el n\u00famero de orden asociado al dep\u00f3sito<\/li>\n<li>Para pagos a trav\u00e9s de Webpay, se debe reenviar el correo de la transacci\u00f3n indicando el\u00a0n\u00famero de orden asociado<\/li>\n<\/ul>\n<\/li>\n<li>Los pagos v\u00eda transferencia electr\u00f3nica se confirman entre las 08:30 y las 14:00 hrs., y puede tomar hasta 36 horas h\u00e1biles posterior a la recepci\u00f3n de la transferencia o comprobante de dep\u00f3sito<\/li>\n<li>Cuando el proceso sea aprobado, ser\u00e1s notificado v\u00eda correo electr\u00f3nico a la direcci\u00f3n que aparece en la orden de compra<\/li>\n<li>El precio indicado en nuestra web no incluye el costo de env\u00edo del producto(s) adquirido(s)<\/li>\n<li>La forma de env\u00edo, o retiro del producto, debe ser informado por el cliente. MagicTV puede enviar mediante el o los productos comprados con flete por pagar usando el servicio <a href=\"http:\/\/www.starken.cl\/\">Starken<\/a>\u00a0(<a href=\"http:\/\/www.starken.cl\/\">www.starken.cl<\/a>)<\/li>\n<\/ul>\n<\/div>\n<p>[\/et_pb_text][\/et_pb_column][\/et_pb_row][\/et_pb_section]<\/p>\n","protected":false},"excerpt":{"rendered":"<p>T\u00c9RMINOS Y CONDICIONES MagicTV no se hace responsable por el mal uso de las partes del kit que comercializa MagicTV no se hace responsable por da\u00f1os o perjuicios a inmuebles durante la instalaci\u00f3n MagicTV no se hace responsable por accidentes durante la instalaci\u00f3n del kit por parte del cliente El acceso a las aplicaciones son [&hellip;]<\/p>\n","protected":false},"author":4,"featured_media":0,"parent":0,"menu_order":0,"comment_status":"closed","ping_status":"closed","template":"","meta":{"_et_pb_use_builder":"on","_et_pb_old_content":"<p>Esta es una p\u00e1gina de ejemplo. Es diferente a una entrada del blog, ya que se quedar\u00e1 en un lugar y se mostrar\u00e1 en la navegaci\u00f3n del sitio (en la mayor\u00eda de temas). La mayor\u00eda de personas empieza con una p\u00e1gina \"Acerca de\" que brinda informaci\u00f3n a los visitantes. Se podr\u00eda decir algo como esto:<\/p><blockquote><p>\u00a1Hola! Durante el d\u00eda soy un mensajero, un aspirante a actor por la noche, y este es mi blog. Vivo en Valpara\u00edso, tengo un enorme perro llamado Pocho, y me gustan las cervezas muy heladas. (Y caminar por la playa.)<\/p><\/blockquote><p>...o algo como esto:<\/p><blockquote><p>La compa\u00f1\u00eda XYZ, se fund\u00f3 en 1971, y ha estado desde entonces, proporcionando artilugios de calidad al p\u00fablico. Est\u00e1 situada en la ciudad de Concepci\u00f3n, Chile y emplea a m\u00e1s de 2,000 personas. Hace todo tipo de cosas sorprendentes para la comunidad penquista.<\/p><\/blockquote><p>Como nuevo usuario de WordPress, debes ir a <a href=\"https:\/\/magictv.cl\/wp-admin\/\">tu panel<\/a> para eliminar esta p\u00e1gina y crear nuevas para tu contenido. \u00a1Que te diviertas!<\/p>","_et_gb_content_width":"","footnotes":""},"_links":{"self":[{"href":"https:\/\/magictv.cl\/index.php?rest_route=\/wp\/v2\/pages\/4185"}],"collection":[{"href":"https:\/\/magictv.cl\/index.php?rest_route=\/wp\/v2\/pages"}],"about":[{"href":"https:\/\/magictv.cl\/index.php?rest_route=\/wp\/v2\/types\/page"}],"author":[{"embeddable":true,"href":"https:\/\/magictv.cl\/index.php?rest_route=\/wp\/v2\/users\/4"}],"replies":[{"embeddable":true,"href":"https:\/\/magictv.cl\/index.php?rest_route=%2Fwp%2Fv2%2Fcomments&post=4185"}],"version-history":[{"count":5,"href":"https:\/\/magictv.cl\/index.php?rest_route=\/wp\/v2\/pages\/4185\/revisions"}],"predecessor-version":[{"id":4347,"href":"https:\/\/magictv.cl\/index.php?rest_route=\/wp\/v2\/pages\/4185\/revisions\/4347"}],"wp:attachment":[{"href":"https:\/\/magictv.cl\/index.php?rest_route=%2Fwp%2Fv2%2Fmedia&parent=4185"}],"curies":[{"name":"wp","href":"https:\/\/api.w.org\/{rel}","templated":true}]}}