{"id":4088,"date":"2016-09-15T21:24:48","date_gmt":"2016-09-15T21:24:48","guid":{"rendered":"https:\/\/magictv.cl\/?page_id=4088"},"modified":"2024-03-20T18:22:11","modified_gmt":"2024-03-20T18:22:11","slug":"donde-comprar","status":"publish","type":"page","link":"https:\/\/magictv.cl\/?page_id=4088","title":{"rendered":"D\u00f3nde Comprar"},"content":{"rendered":"<p>[et_pb_section fb_built=\u00bb1&#8243; custom_padding_last_edited=\u00bbon|desktop\u00bb admin_label=\u00bbsection\u00bb _builder_version=\u00bb4.16&#8243; background_color=\u00bbrgba(255,255,255,0)\u00bb custom_padding_tablet=\u00bb50px|0|50px|0&#8243; custom_padding_phone=\u00bb50px|0|50px|0&#8243; transparent_background=\u00bbon\u00bb padding_mobile=\u00bboff\u00bb make_fullwidth=\u00bboff\u00bb use_custom_width=\u00bboff\u00bb width_unit=\u00bbon\u00bb global_colors_info=\u00bb{}\u00bb][et_pb_row admin_label=\u00bbRow\u00bb _builder_version=\u00bb4.16&#8243; background_size=\u00bbinitial\u00bb background_position=\u00bbtop_left\u00bb background_repeat=\u00bbrepeat\u00bb global_colors_info=\u00bb{}\u00bb][et_pb_column type=\u00bb4_4&#8243; _builder_version=\u00bb4.16&#8243; custom_padding=\u00bb|||\u00bb global_colors_info=\u00bb{}\u00bb custom_padding__hover=\u00bb|||\u00bb][et_pb_text admin_label=\u00bbText DONDE COMPRAR MAGIC TV\u00bb _builder_version=\u00bb4.16&#8243; header_font=\u00bb|on|||\u00bb background_size=\u00bbinitial\u00bb background_position=\u00bbtop_left\u00bb background_repeat=\u00bbrepeat\u00bb background_layout=\u00bbdark\u00bb use_border_color=\u00bboff\u00bb border_color=\u00bb#ffffff\u00bb border_style=\u00bbsolid\u00bb global_colors_info=\u00bb{}\u00bb]<\/p>\n<h1>DONDE COMPRAR MAGIC TV<\/h1>\n<p>[\/et_pb_text][\/et_pb_column][\/et_pb_row][et_pb_row column_structure=\u00bb1_2,1_2&#8243; admin_label=\u00bbRow\u00bb _builder_version=\u00bb4.16&#8243; background_size=\u00bbinitial\u00bb background_position=\u00bbtop_left\u00bb background_repeat=\u00bbrepeat\u00bb global_colors_info=\u00bb{}\u00bb][et_pb_column type=\u00bb1_2&#8243; _builder_version=\u00bb4.16&#8243; custom_padding=\u00bb|||\u00bb global_colors_info=\u00bb{}\u00bb custom_padding__hover=\u00bb|||\u00bb][et_pb_text admin_label=\u00bbTexto Descripci\u00f3n\u00bb _builder_version=\u00bb4.19.4&#8243; text_font=\u00bb|on|||\u00bb background_size=\u00bbinitial\u00bb background_position=\u00bbtop_left\u00bb background_repeat=\u00bbrepeat\u00bb hover_enabled=\u00bb0&#8243; use_border_color=\u00bboff\u00bb border_color=\u00bb#ffffff\u00bb border_style=\u00bbsolid\u00bb global_colors_info=\u00bb{}\u00bb sticky_enabled=\u00bb0&#8243;]<\/p>\n<p>El Kit Magic TV lo puede adquirir a trav\u00e9s de compra online en este sitio o en tiendas adheridas seg\u00fan su\u00a0regi\u00f3n.<\/p>\n<p>Existen 3 kits que se diferencian solamente en el tama\u00f1o de la antena.\u00a0En el mapa adjunto est\u00e1n indicados los tama\u00f1os de las antenas\u00a0 seg\u00fan la regi\u00f3n.<\/p>\n<p>El valor de lista de cada kit se encuentra en el men\u00fa productos. Este valor no incluye el costo por despacho.<\/p>\n<p>Valor en tiendas adheridas puede variar.<\/p>\n<p>Para ventas mayoristas, contactar a:<\/p>\n<p>R\u00edos y Compa\u00f1\u00eda SpA<br \/>rios@riosycia.cl<br \/>+56 2 2333 4446<br \/>Andr\u00e9s de Fuenzalida 17, Oficina 33, Providencia<\/p>\n<p>[\/et_pb_text][\/et_pb_column][et_pb_column type=\u00bb1_2&#8243; _builder_version=\u00bb4.16&#8243; custom_padding=\u00bb|||\u00bb global_colors_info=\u00bb{}\u00bb custom_padding__hover=\u00bb|||\u00bb][et_pb_image src=\u00bbhttp:\/\/magictv.cl\/wp-content\/uploads\/2016\/09\/mapa1.png\u00bb align_tablet=\u00bbcenter\u00bb align_phone=\u00bbcenter\u00bb align_last_edited=\u00bbon|desktop\u00bb admin_label=\u00bbImagen Mapa Chile\u00bb _builder_version=\u00bb4.16&#8243; use_border_color=\u00bboff\u00bb border_color=\u00bb#ffffff\u00bb border_style=\u00bbsolid\u00bb animation=\u00bboff\u00bb sticky=\u00bboff\u00bb always_center_on_mobile=\u00bbon\u00bb global_colors_info=\u00bb{}\u00bb][\/et_pb_image][\/et_pb_column][\/et_pb_row][\/et_pb_section]<\/p>\n","protected":false},"excerpt":{"rendered":"<p>DONDE COMPRAR MAGIC TV El Kit Magic TV lo puede adquirir a trav\u00e9s de compra online en este sitio o en tiendas adheridas seg\u00fan su\u00a0regi\u00f3n. Existen 3 kits que se diferencian solamente en el tama\u00f1o de la antena.\u00a0En el mapa adjunto est\u00e1n indicados los tama\u00f1os de las antenas\u00a0 seg\u00fan la regi\u00f3n. El valor de lista [&hellip;]<\/p>\n","protected":false},"author":284,"featured_media":0,"parent":0,"menu_order":0,"comment_status":"closed","ping_status":"closed","template":"","meta":{"_et_pb_use_builder":"on","_et_pb_old_content":"<p>Esta es una p\u00e1gina de ejemplo. Es diferente a una entrada del blog, ya que se quedar\u00e1 en un lugar y se mostrar\u00e1 en la navegaci\u00f3n del sitio (en la mayor\u00eda de temas). La mayor\u00eda de personas empieza con una p\u00e1gina \"Acerca de\" que brinda informaci\u00f3n a los visitantes. Se podr\u00eda decir algo como esto:<\/p><blockquote><p>\u00a1Hola! Durante el d\u00eda soy un mensajero, un aspirante a actor por la noche, y este es mi blog. Vivo en Valpara\u00edso, tengo un enorme perro llamado Pocho, y me gustan las cervezas muy heladas. (Y caminar por la playa.)<\/p><\/blockquote><p>...o algo como esto:<\/p><blockquote><p>La compa\u00f1\u00eda XYZ, se fund\u00f3 en 1971, y ha estado desde entonces, proporcionando artilugios de calidad al p\u00fablico. Est\u00e1 situada en la ciudad de Concepci\u00f3n, Chile y emplea a m\u00e1s de 2,000 personas. Hace todo tipo de cosas sorprendentes para la comunidad penquista.<\/p><\/blockquote><p>Como nuevo usuario de WordPress, debes ir a <a href=\"https:\/\/magictv.cl\/wp-admin\/\">tu panel<\/a> para eliminar esta p\u00e1gina y crear nuevas para tu contenido. \u00a1Que te diviertas!<\/p>","_et_gb_content_width":"","footnotes":""},"_links":{"self":[{"href":"https:\/\/magictv.cl\/index.php?rest_route=\/wp\/v2\/pages\/4088"}],"collection":[{"href":"https:\/\/magictv.cl\/index.php?rest_route=\/wp\/v2\/pages"}],"about":[{"href":"https:\/\/magictv.cl\/index.php?rest_route=\/wp\/v2\/types\/page"}],"author":[{"embeddable":true,"href":"https:\/\/magictv.cl\/index.php?rest_route=\/wp\/v2\/users\/284"}],"replies":[{"embeddable":true,"href":"https:\/\/magictv.cl\/index.php?rest_route=%2Fwp%2Fv2%2Fcomments&post=4088"}],"version-history":[{"count":11,"href":"https:\/\/magictv.cl\/index.php?rest_route=\/wp\/v2\/pages\/4088\/revisions"}],"predecessor-version":[{"id":6034,"href":"https:\/\/magictv.cl\/index.php?rest_route=\/wp\/v2\/pages\/4088\/revisions\/6034"}],"wp:attachment":[{"href":"https:\/\/magictv.cl\/index.php?rest_route=%2Fwp%2Fv2%2Fmedia&parent=4088"}],"curies":[{"name":"wp","href":"https:\/\/api.w.org\/{rel}","templated":true}]}}