{"id":4032,"date":"2016-09-01T17:53:15","date_gmt":"2016-09-01T17:53:15","guid":{"rendered":"https:\/\/magictv.cl\/?page_id=4032"},"modified":"2020-07-13T14:55:42","modified_gmt":"2020-07-13T14:55:42","slug":"ajustes","status":"publish","type":"page","link":"https:\/\/magictv.cl\/?page_id=4032","title":{"rendered":"Ajustes"},"content":{"rendered":"<p>[et_pb_section admin_label=\u00bbsection\u00bb transparent_background=\u00bbon\u00bb background_color=\u00bb#ffffff\u00bb allow_player_pause=\u00bboff\u00bb inner_shadow=\u00bboff\u00bb parallax=\u00bboff\u00bb parallax_method=\u00bboff\u00bb padding_mobile=\u00bboff\u00bb make_fullwidth=\u00bboff\u00bb use_custom_width=\u00bboff\u00bb width_unit=\u00bbon\u00bb make_equal=\u00bboff\u00bb use_custom_gutter=\u00bboff\u00bb][et_pb_row admin_label=\u00bbRow\u00bb][et_pb_column type=\u00bb4_4&#8243;][et_pb_text admin_label=\u00bbAJUSTES\u00bb background_layout=\u00bbdark\u00bb text_orientation=\u00bbleft\u00bb use_border_color=\u00bboff\u00bb border_color=\u00bb#ffffff\u00bb border_style=\u00bbsolid\u00bb header_font=\u00bb|on|||\u00bb]<\/p>\n<h1>AJUSTES<\/h1>\n<p>[\/et_pb_text][et_pb_text admin_label=\u00bbTexto ajuste Instalaci\u00f3n STB\u00bb background_layout=\u00bbdark\u00bb text_orientation=\u00bbleft\u00bb use_border_color=\u00bboff\u00bb border_color=\u00bb#ffffff\u00bb border_style=\u00bbsolid\u00bb header_font=\u00bb|on|||\u00bb text_font=\u00bb|on|||\u00bb]<\/p>\n<p>Para comprobar y ajustar el nivel de se\u00f1al recibida por la antena, siga las siguientes instrucciones:<\/p>\n<p>[\/et_pb_text][\/et_pb_column][\/et_pb_row][et_pb_row admin_label=\u00bbRow\u00bb][et_pb_column type=\u00bb1_2&#8243;][et_pb_text admin_label=\u00bbTexto ajuste Instalaci\u00f3n STB\u00bb background_layout=\u00bbdark\u00bb text_orientation=\u00bbleft\u00bb use_border_color=\u00bboff\u00bb border_color=\u00bb#ffffff\u00bb border_style=\u00bbsolid\u00bb header_font=\u00bb|on|||\u00bb text_font=\u00bb|on|||\u00bb]<\/p>\n<ul>\n<li>Encienda\u00a0el decodificador<\/li>\n<li>En el control Remoto presione el bot\u00f3n MENU<\/li>\n<li>Aparecer\u00e1n 5 men\u00fas principales:\n<ol>\n<li>Instalaci\u00f3n<\/li>\n<li>Canal<\/li>\n<li>Configuraci\u00f3n<\/li>\n<li>Servicios<\/li>\n<li>Herramientas<\/li>\n<\/ol>\n<\/li>\n<\/ul>\n<p>[\/et_pb_text][\/et_pb_column][et_pb_column type=\u00bb1_2&#8243;][et_pb_image admin_label=\u00bbImagen menu Instalaci\u00f3n STB\u00bb src=\u00bbhttp:\/\/magictv.cl\/wp-content\/uploads\/2016\/09\/config_antena.png\u00bb show_in_lightbox=\u00bboff\u00bb url_new_window=\u00bboff\u00bb use_overlay=\u00bboff\u00bb animation=\u00bboff\u00bb sticky=\u00bboff\u00bb align=\u00bbleft\u00bb force_fullwidth=\u00bboff\u00bb always_center_on_mobile=\u00bbon\u00bb use_border_color=\u00bboff\u00bb border_color=\u00bb#ffffff\u00bb border_style=\u00bbsolid\u00bb]<br \/>\n[\/et_pb_image][\/et_pb_column][\/et_pb_row][et_pb_row admin_label=\u00bbRow\u00bb][et_pb_column type=\u00bb1_2&#8243;][et_pb_text admin_label=\u00bbTexto Men\u00fa Configuraci\u00f3n\u00bb background_layout=\u00bblight\u00bb text_orientation=\u00bbleft\u00bb use_border_color=\u00bboff\u00bb border_color=\u00bb#ffffff\u00bb border_style=\u00bbsolid\u00bb text_font=\u00bb|on|||\u00bb]<\/p>\n<ul>\n<li>Seleccione Instalaci\u00f3n (men\u00fa 1)\n<ul>\n<li>Luego seleccione Configuraci\u00f3n de Antena<\/li>\n<li>Escoja el sat\u00e9lite Amazonas 4A en el decodificador (aunque el sat\u00e9lite realmente se llama Hispasat 74W, la configuraci\u00f3n es la misma)<\/li>\n<li>Presione el bot\u00f3n Exit del Control Remoto para salir<\/li>\n<\/ul>\n<\/li>\n<\/ul>\n<p>[\/et_pb_text][\/et_pb_column][et_pb_column type=\u00bb1_2&#8243;][et_pb_image admin_label=\u00bbImagen pantalla nivel potencia\u00bb src=\u00bbhttp:\/\/magictv.cl\/wp-content\/uploads\/2016\/09\/ajustes_3.png\u00bb show_in_lightbox=\u00bboff\u00bb url_new_window=\u00bboff\u00bb use_overlay=\u00bboff\u00bb animation=\u00bboff\u00bb sticky=\u00bboff\u00bb align=\u00bbleft\u00bb force_fullwidth=\u00bboff\u00bb always_center_on_mobile=\u00bbon\u00bb use_border_color=\u00bboff\u00bb border_color=\u00bb#ffffff\u00bb border_style=\u00bbsolid\u00bb]<br \/>\n[\/et_pb_image][\/et_pb_column][\/et_pb_row][et_pb_row admin_label=\u00bbRow\u00bb][et_pb_column type=\u00bb1_2&#8243;][et_pb_text admin_label=\u00bbTexto Men\u00fa calidad y potencia se\u00f1al\u00bb background_layout=\u00bblight\u00bb text_orientation=\u00bbleft\u00bb use_border_color=\u00bboff\u00bb border_color=\u00bb#ffffff\u00bb border_style=\u00bbsolid\u00bb text_font=\u00bb|on|||\u00bb]<\/p>\n<ul>\n<li>Si el nivel de se\u00f1al y potencia (barras verde y azul) son muy bajas haga lo siguiente:\n<ul>\n<li>Mueva muy suavemente la antena en\u00a0direcci\u00f3n horizontal y vertical<\/li>\n<li>Cuando se est\u00e9 acercando al punto \u00f3ptimo, oir\u00e1 un sonido en el televisor y las barras verde y azul de la pantalla\u00a0se empezar\u00e1n a mover hacia la derecha, aumentando\u00a0el volumen y frecuencia del sonido<\/li>\n<li>El n\u00famero que indica el nivel de cada barra aumentar\u00e1<\/li>\n<li>Busque el punto donde las barras que indican el nivel y calidad encuentren\u00a0su m\u00e1ximo<\/li>\n<li>Apriete los tornillos de la antena firmemente para evitar que la antena se mueva con el viento<\/li>\n<\/ul>\n<\/li>\n<\/ul>\n<p>[\/et_pb_text][\/et_pb_column][et_pb_column type=\u00bb1_2&#8243;][et_pb_image admin_label=\u00bbImagen ajuste elevaci\u00f3n\u00bb src=\u00bbhttp:\/\/magictv.cl\/wp-content\/uploads\/2016\/09\/ajustes_4.jpg\u00bb show_in_lightbox=\u00bboff\u00bb url_new_window=\u00bboff\u00bb use_overlay=\u00bboff\u00bb animation=\u00bboff\u00bb sticky=\u00bboff\u00bb align=\u00bbleft\u00bb force_fullwidth=\u00bboff\u00bb always_center_on_mobile=\u00bbon\u00bb use_border_color=\u00bboff\u00bb border_color=\u00bb#ffffff\u00bb border_style=\u00bbsolid\u00bb]<br \/>\n[\/et_pb_image][\/et_pb_column][\/et_pb_row][\/et_pb_section]<\/p>\n","protected":false},"excerpt":{"rendered":"<p>AJUSTES Para comprobar y ajustar el nivel de se\u00f1al recibida por la antena, siga las siguientes instrucciones: Encienda\u00a0el decodificador En el control Remoto presione el bot\u00f3n MENU Aparecer\u00e1n 5 men\u00fas principales: Instalaci\u00f3n Canal Configuraci\u00f3n Servicios Herramientas Seleccione Instalaci\u00f3n (men\u00fa 1) Luego seleccione Configuraci\u00f3n de Antena Escoja el sat\u00e9lite Amazonas 4A en el decodificador (aunque el [&hellip;]<\/p>\n","protected":false},"author":284,"featured_media":0,"parent":0,"menu_order":0,"comment_status":"closed","ping_status":"closed","template":"","meta":{"_et_pb_use_builder":"on","_et_pb_old_content":"<p>Esta es una p\u00e1gina de ejemplo. Es diferente a una entrada del blog, ya que se quedar\u00e1 en un lugar y se mostrar\u00e1 en la navegaci\u00f3n del sitio (en la mayor\u00eda de temas). La mayor\u00eda de personas empieza con una p\u00e1gina \"Acerca de\" que brinda informaci\u00f3n a los visitantes. Se podr\u00eda decir algo como esto:<\/p><blockquote><p>\u00a1Hola! Durante el d\u00eda soy un mensajero, un aspirante a actor por la noche, y este es mi blog. Vivo en Valpara\u00edso, tengo un enorme perro llamado Pocho, y me gustan las cervezas muy heladas. (Y caminar por la playa.)<\/p><\/blockquote><p>...o algo como esto:<\/p><blockquote><p>La compa\u00f1\u00eda XYZ, se fund\u00f3 en 1971, y ha estado desde entonces, proporcionando artilugios de calidad al p\u00fablico. Est\u00e1 situada en la ciudad de Concepci\u00f3n, Chile y emplea a m\u00e1s de 2,000 personas. Hace todo tipo de cosas sorprendentes para la comunidad penquista.<\/p><\/blockquote><p>Como nuevo usuario de WordPress, debes ir a <a href=\"https:\/\/magictv.cl\/wp-admin\/\">tu panel<\/a> para eliminar esta p\u00e1gina y crear nuevas para tu contenido. \u00a1Que te diviertas!<\/p>","_et_gb_content_width":"","footnotes":""},"_links":{"self":[{"href":"https:\/\/magictv.cl\/index.php?rest_route=\/wp\/v2\/pages\/4032"}],"collection":[{"href":"https:\/\/magictv.cl\/index.php?rest_route=\/wp\/v2\/pages"}],"about":[{"href":"https:\/\/magictv.cl\/index.php?rest_route=\/wp\/v2\/types\/page"}],"author":[{"embeddable":true,"href":"https:\/\/magictv.cl\/index.php?rest_route=\/wp\/v2\/users\/284"}],"replies":[{"embeddable":true,"href":"https:\/\/magictv.cl\/index.php?rest_route=%2Fwp%2Fv2%2Fcomments&post=4032"}],"version-history":[{"count":10,"href":"https:\/\/magictv.cl\/index.php?rest_route=\/wp\/v2\/pages\/4032\/revisions"}],"predecessor-version":[{"id":5690,"href":"https:\/\/magictv.cl\/index.php?rest_route=\/wp\/v2\/pages\/4032\/revisions\/5690"}],"wp:attachment":[{"href":"https:\/\/magictv.cl\/index.php?rest_route=%2Fwp%2Fv2%2Fmedia&parent=4032"}],"curies":[{"name":"wp","href":"https:\/\/api.w.org\/{rel}","templated":true}]}}