{"id":4015,"date":"2016-09-01T17:15:14","date_gmt":"2016-09-01T17:15:14","guid":{"rendered":"https:\/\/magictv.cl\/?page_id=4015"},"modified":"2016-09-28T02:53:24","modified_gmt":"2016-09-28T02:53:24","slug":"video","status":"publish","type":"page","link":"https:\/\/magictv.cl\/?page_id=4015","title":{"rendered":"Video"},"content":{"rendered":"<p>[et_pb_section admin_label=\u00bbsection\u00bb transparent_background=\u00bbon\u00bb background_color=\u00bb#ffffff\u00bb allow_player_pause=\u00bboff\u00bb inner_shadow=\u00bboff\u00bb parallax=\u00bboff\u00bb parallax_method=\u00bboff\u00bb padding_mobile=\u00bboff\u00bb make_fullwidth=\u00bboff\u00bb use_custom_width=\u00bboff\u00bb width_unit=\u00bbon\u00bb make_equal=\u00bboff\u00bb use_custom_gutter=\u00bboff\u00bb][et_pb_row admin_label=\u00bbRow\u00bb][et_pb_column type=\u00bb4_4&#8243;][et_pb_text admin_label=\u00bbVIDEO DE INSTALACI\u00d3N\u00bb background_layout=\u00bbdark\u00bb text_orientation=\u00bbleft\u00bb use_border_color=\u00bboff\u00bb border_color=\u00bb#ffffff\u00bb border_style=\u00bbsolid\u00bb header_font=\u00bb|on|||\u00bb]<\/p>\n<h1>VIDEO DE INSTALACI\u00d3N<\/h1>\n<p>[\/et_pb_text][\/et_pb_column][\/et_pb_row][et_pb_row admin_label=\u00bbRow\u00bb][et_pb_column type=\u00bb4_4&#8243;][et_pb_text admin_label=\u00bbTexto introducci\u00f3n\u00bb background_layout=\u00bblight\u00bb text_orientation=\u00bbleft\u00bb use_border_color=\u00bboff\u00bb border_color=\u00bb#ffffff\u00bb border_style=\u00bbsolid\u00bb text_font=\u00bb|on|||\u00bb]<\/p>\n<p>El siguiente video muestra paso a paso el proceso de armado e instalaci\u00f3n de la antena que se muestra en la secci\u00f3n <span style=\"text-decoration: underline;\"><a href=\"https:\/\/magictv.cl\/?page_id=3932\">Armado<\/a><\/span>\u00a0de este mismo men\u00fa<\/p>\n<p>[\/et_pb_text][\/et_pb_column][\/et_pb_row][et_pb_row admin_label=\u00bbRow\u00bb][et_pb_column type=\u00bb1_3&#8243;][et_pb_divider admin_label=\u00bbSeparador\u00bb color=\u00bb#ffffff\u00bb show_divider=\u00bboff\u00bb height=\u00bb5&#8243; divider_style=\u00bbsolid\u00bb divider_position=\u00bbtop\u00bb hide_on_mobile=\u00bbon\u00bb] [\/et_pb_divider][\/et_pb_column][et_pb_column type=\u00bb1_3&#8243;][et_pb_video admin_label=\u00bbV\u00eddeo\u00bb src=\u00bbhttp:\/\/magictv.cl\/wp-content\/uploads\/2016\/09\/Instalaci_n2_.mp4&#8243;] [\/et_pb_video][\/et_pb_column][et_pb_column type=\u00bb1_3&#8243;][\/et_pb_column][\/et_pb_row][\/et_pb_section]<\/p>\n","protected":false},"excerpt":{"rendered":"<p>VIDEO DE INSTALACI\u00d3N El siguiente video muestra paso a paso el proceso de armado e instalaci\u00f3n de la antena que se muestra en la secci\u00f3n Armado\u00a0de este mismo men\u00fa<\/p>\n","protected":false},"author":284,"featured_media":0,"parent":0,"menu_order":0,"comment_status":"closed","ping_status":"closed","template":"","meta":{"_et_pb_use_builder":"on","_et_pb_old_content":"<p>Esta es una p\u00e1gina de ejemplo. Es diferente a una entrada del blog, ya que se quedar\u00e1 en un lugar y se mostrar\u00e1 en la navegaci\u00f3n del sitio (en la mayor\u00eda de temas). La mayor\u00eda de personas empieza con una p\u00e1gina \"Acerca de\" que brinda informaci\u00f3n a los visitantes. Se podr\u00eda decir algo como esto:<\/p><blockquote><p>\u00a1Hola! Durante el d\u00eda soy un mensajero, un aspirante a actor por la noche, y este es mi blog. Vivo en Valpara\u00edso, tengo un enorme perro llamado Pocho, y me gustan las cervezas muy heladas. (Y caminar por la playa.)<\/p><\/blockquote><p>...o algo como esto:<\/p><blockquote><p>La compa\u00f1\u00eda XYZ, se fund\u00f3 en 1971, y ha estado desde entonces, proporcionando artilugios de calidad al p\u00fablico. Est\u00e1 situada en la ciudad de Concepci\u00f3n, Chile y emplea a m\u00e1s de 2,000 personas. Hace todo tipo de cosas sorprendentes para la comunidad penquista.<\/p><\/blockquote><p>Como nuevo usuario de WordPress, debes ir a <a href=\"https:\/\/magictv.cl\/wp-admin\/\">tu panel<\/a> para eliminar esta p\u00e1gina y crear nuevas para tu contenido. \u00a1Que te diviertas!<\/p>","_et_gb_content_width":"","footnotes":""},"_links":{"self":[{"href":"https:\/\/magictv.cl\/index.php?rest_route=\/wp\/v2\/pages\/4015"}],"collection":[{"href":"https:\/\/magictv.cl\/index.php?rest_route=\/wp\/v2\/pages"}],"about":[{"href":"https:\/\/magictv.cl\/index.php?rest_route=\/wp\/v2\/types\/page"}],"author":[{"embeddable":true,"href":"https:\/\/magictv.cl\/index.php?rest_route=\/wp\/v2\/users\/284"}],"replies":[{"embeddable":true,"href":"https:\/\/magictv.cl\/index.php?rest_route=%2Fwp%2Fv2%2Fcomments&post=4015"}],"version-history":[{"count":6,"href":"https:\/\/magictv.cl\/index.php?rest_route=\/wp\/v2\/pages\/4015\/revisions"}],"predecessor-version":[{"id":4244,"href":"https:\/\/magictv.cl\/index.php?rest_route=\/wp\/v2\/pages\/4015\/revisions\/4244"}],"wp:attachment":[{"href":"https:\/\/magictv.cl\/index.php?rest_route=%2Fwp%2Fv2%2Fmedia&parent=4015"}],"curies":[{"name":"wp","href":"https:\/\/api.w.org\/{rel}","templated":true}]}}