{"id":3907,"date":"2016-08-30T15:54:18","date_gmt":"2016-08-30T15:54:18","guid":{"rendered":"https:\/\/magictv.cl\/?page_id=3907"},"modified":"2016-10-25T12:35:37","modified_gmt":"2016-10-25T12:35:37","slug":"instalacion","status":"publish","type":"page","link":"https:\/\/magictv.cl\/?page_id=3907","title":{"rendered":"Instalaci\u00f3n"},"content":{"rendered":"<p>[et_pb_section admin_label=\u00bbsection\u00bb transparent_background=\u00bbon\u00bb background_color=\u00bb#ffffff\u00bb allow_player_pause=\u00bboff\u00bb inner_shadow=\u00bboff\u00bb parallax=\u00bboff\u00bb parallax_method=\u00bboff\u00bb padding_mobile=\u00bboff\u00bb make_fullwidth=\u00bboff\u00bb use_custom_width=\u00bboff\u00bb width_unit=\u00bbon\u00bb make_equal=\u00bboff\u00bb use_custom_gutter=\u00bboff\u00bb][et_pb_row admin_label=\u00bbRow\u00bb][et_pb_column type=\u00bb1_3&#8243;][et_pb_text admin_label=\u00bbINSTALACI\u00d3N\u00bb background_layout=\u00bbdark\u00bb text_orientation=\u00bbleft\u00bb use_border_color=\u00bboff\u00bb border_color=\u00bb#ffffff\u00bb border_style=\u00bbsolid\u00bb header_font=\u00bb|on|||\u00bb]<\/p>\n<h1>INSTALACI\u00d3N<\/h1>\n<p>[\/et_pb_text][et_pb_text admin_label=\u00bbNUESTRO KIT INCLUYE\u00bb background_layout=\u00bbdark\u00bb text_orientation=\u00bbleft\u00bb use_border_color=\u00bboff\u00bb border_color=\u00bb#ffffff\u00bb border_style=\u00bbsolid\u00bb header_font=\u00bb|on|||\u00bb text_font=\u00bb|on|||\u00bb]<\/p>\n<p><strong>\u00a0<\/strong><\/p>\n<h3>NUESTRO KIT INCLUYE:<\/h3>\n<p>[\/et_pb_text][et_pb_text admin_label=\u00bbTexto listado\u00bb background_layout=\u00bblight\u00bb text_orientation=\u00bbleft\u00bb use_border_color=\u00bboff\u00bb border_color=\u00bb#ffffff\u00bb border_style=\u00bbsolid\u00bb text_font=\u00bb|on|||\u00bb]<\/p>\n<p><img loading=\"lazy\" decoding=\"async\" class=\"wp-image-3918 size-full alignnone\" src=\"http:\/\/magictv.cl\/wp-content\/uploads\/2016\/08\/check.png\" alt=\"check\" width=\"20\" height=\"20\" \/>Antena<\/p>\n<p><img loading=\"lazy\" decoding=\"async\" class=\"wp-image-3918 size-full alignnone\" src=\"http:\/\/magictv.cl\/wp-content\/uploads\/2016\/08\/check.png\" alt=\"check\" width=\"20\" height=\"20\" \/>Decodificador<\/p>\n<p><img loading=\"lazy\" decoding=\"async\" class=\"wp-image-3918 size-full alignnone\" src=\"http:\/\/magictv.cl\/wp-content\/uploads\/2016\/08\/check.png\" alt=\"check\" width=\"20\" height=\"20\" \/>Cable Antena<\/p>\n<p><img loading=\"lazy\" decoding=\"async\" class=\"wp-image-3918 size-full alignnone\" src=\"http:\/\/magictv.cl\/wp-content\/uploads\/2016\/08\/check.png\" alt=\"check\" width=\"20\" height=\"20\" \/>Cables HDMI y an\u00e1logo<\/p>\n<p><img loading=\"lazy\" decoding=\"async\" class=\"wp-image-3918 size-full alignnone\" src=\"http:\/\/magictv.cl\/wp-content\/uploads\/2016\/08\/check.png\" alt=\"check\" width=\"20\" height=\"20\" \/>Control remoto con pilas<\/p>\n<p><img loading=\"lazy\" decoding=\"async\" class=\"wp-image-3918 size-full alignnone\" src=\"http:\/\/magictv.cl\/wp-content\/uploads\/2016\/08\/check.png\" alt=\"check\" width=\"20\" height=\"20\" \/>Manual instalaci\u00f3n antena<\/p>\n<p><img loading=\"lazy\" decoding=\"async\" class=\"wp-image-3918 size-full alignnone\" src=\"http:\/\/magictv.cl\/wp-content\/uploads\/2016\/08\/check.png\" alt=\"check\" width=\"20\" height=\"20\" \/>Manual de operaci\u00f3n del decodificador<\/p>\n<p>[\/et_pb_text][\/et_pb_column][et_pb_column type=\u00bb2_3&#8243;][et_pb_image admin_label=\u00bbImagen deco y TV\u00bb src=\u00bbhttp:\/\/magictv.cl\/wp-content\/uploads\/2016\/08\/instalacion13.png\u00bb show_in_lightbox=\u00bboff\u00bb url_new_window=\u00bboff\u00bb use_overlay=\u00bboff\u00bb animation=\u00bbleft\u00bb sticky=\u00bboff\u00bb align=\u00bbleft\u00bb force_fullwidth=\u00bboff\u00bb always_center_on_mobile=\u00bbon\u00bb use_border_color=\u00bboff\u00bb border_color=\u00bb#ffffff\u00bb border_style=\u00bbsolid\u00bb] [\/et_pb_image][et_pb_text admin_label=\u00bbTexto nota imagen deco y TV\u00bb background_layout=\u00bblight\u00bb text_orientation=\u00bbleft\u00bb text_font_size=\u00bb11&#8243; use_border_color=\u00bboff\u00bb border_color=\u00bb#ffffff\u00bb border_style=\u00bbsolid\u00bb]<\/p>\n<p>Imagen referencial, no incluye Televisor<\/p>\n<p>[\/et_pb_text][\/et_pb_column][\/et_pb_row][et_pb_row admin_label=\u00bbRow\u00bb][et_pb_column type=\u00bb1_2&#8243;][et_pb_text admin_label=\u00bbText DESCARGAR MANUALES\u00bb background_layout=\u00bbdark\u00bb text_orientation=\u00bbleft\u00bb use_border_color=\u00bboff\u00bb border_color=\u00bb#ffffff\u00bb border_style=\u00bbsolid\u00bb header_font=\u00bb|on|||\u00bb]<\/p>\n<h1>DESCARGAR MANUALES<\/h1>\n<p>[\/et_pb_text][et_pb_text admin_label=\u00bbTexto Manual instalaci\u00f3n antena\u00bb background_layout=\u00bblight\u00bb text_orientation=\u00bbleft\u00bb use_border_color=\u00bboff\u00bb border_color=\u00bb#ffffff\u00bb border_style=\u00bbsolid\u00bb text_font=\u00bb|on|||\u00bb]<\/p>\n<p><a href=\"http:\/\/magictv.cl\/wp-content\/uploads\/2016\/09\/ManualdeInstalacionMagicTV30julio16.pdf\" target=\"_blank\">Manual instalaci\u00f3n antena\u00a0<\/a><a href=\"http:\/\/magictv.cl\/wp-content\/uploads\/2016\/09\/ManualdeInstalacionMagicTV30julio16.pdf\" target=\"_blank\"><img loading=\"lazy\" decoding=\"async\" class=\"alignleft wp-image-3924\" src=\"http:\/\/magictv.cl\/wp-content\/uploads\/2016\/08\/pdf-logo-download-150x150.png\" alt=\"pdf-logo-download\" width=\"50\" height=\"46\" srcset=\"https:\/\/magictv.cl\/wp-content\/uploads\/2016\/08\/pdf-logo-download-300x277.png 300w, https:\/\/magictv.cl\/wp-content\/uploads\/2016\/08\/pdf-logo-download.png 453w\" sizes=\"(max-width: 50px) 100vw, 50px\" \/><\/a><\/p>\n<p>[\/et_pb_text][\/et_pb_column][et_pb_column type=\u00bb1_2&#8243;][et_pb_divider admin_label=\u00bbSeparador\u00bb color=\u00bb#ffffff\u00bb show_divider=\u00bboff\u00bb height=\u00bb10&#8243; divider_style=\u00bbsolid\u00bb divider_position=\u00bbtop\u00bb hide_on_mobile=\u00bbon\u00bb] [\/et_pb_divider][et_pb_text admin_label=\u00bbTexto Manual de operaci\u00f3n del decodificador\u00bb background_layout=\u00bblight\u00bb text_orientation=\u00bbleft\u00bb use_border_color=\u00bboff\u00bb border_color=\u00bb#ffffff\u00bb border_style=\u00bbsolid\u00bb text_font=\u00bb|on|||\u00bb]<\/p>\n<p><a href=\"http:\/\/magictv.cl\/wp-content\/uploads\/2016\/09\/MagicTVR2Usermanual-20160722.pdf\" target=\"_blank\">Manual\u00a0de operaci\u00f3n del decodificador<\/a><a href=\"http:\/\/magictv.cl\/wp-content\/uploads\/2016\/09\/MagicTVR2Usermanual-20160722.pdf\" target=\"_blank\"><img loading=\"lazy\" decoding=\"async\" class=\"alignleft wp-image-3924\" src=\"http:\/\/magictv.cl\/wp-content\/uploads\/2016\/08\/pdf-logo-download-150x150.png\" alt=\"pdf-logo-download\" width=\"50\" height=\"46\" srcset=\"https:\/\/magictv.cl\/wp-content\/uploads\/2016\/08\/pdf-logo-download-300x277.png 300w, https:\/\/magictv.cl\/wp-content\/uploads\/2016\/08\/pdf-logo-download.png 453w\" sizes=\"(max-width: 50px) 100vw, 50px\" \/><\/a><\/p>\n<p>[\/et_pb_text][\/et_pb_column][\/et_pb_row][et_pb_row admin_label=\u00bbRow\u00bb][et_pb_column type=\u00bb4_4&#8243;][et_pb_text admin_label=\u00bbINSTALACI\u00d3N DE ANTENA: Ubicaci\u00f3n\u00bb background_layout=\u00bbdark\u00bb text_orientation=\u00bbleft\u00bb use_border_color=\u00bboff\u00bb border_color=\u00bb#ffffff\u00bb border_style=\u00bbsolid\u00bb header_font=\u00bb|on|||\u00bb]<\/p>\n<h1>INSTALACI\u00d3N DE ANTENA: Ubicaci\u00f3n<\/h1>\n<p><strong>La Antena puede ser instalada en un muro o en un techo<\/strong><\/p>\n<p>[\/et_pb_text][\/et_pb_column][\/et_pb_row][et_pb_row admin_label=\u00bbRow\u00bb][et_pb_column type=\u00bb1_2&#8243;][et_pb_image admin_label=\u00bbImagen posici\u00f3n correcta\u00bb src=\u00bbhttp:\/\/magictv.cl\/wp-content\/uploads\/2016\/08\/instalacion_norte.png\u00bb show_in_lightbox=\u00bboff\u00bb url_new_window=\u00bboff\u00bb use_overlay=\u00bboff\u00bb animation=\u00bboff\u00bb sticky=\u00bboff\u00bb align=\u00bbleft\u00bb force_fullwidth=\u00bboff\u00bb always_center_on_mobile=\u00bbon\u00bb use_border_color=\u00bboff\u00bb border_color=\u00bb#ffffff\u00bb border_style=\u00bbsolid\u00bb] [\/et_pb_image][et_pb_text admin_label=\u00bbTexto posici\u00f3n correcta\u00bb background_layout=\u00bblight\u00bb text_orientation=\u00bbleft\u00bb use_border_color=\u00bboff\u00bb border_color=\u00bb#ffffff\u00bb border_style=\u00bbsolid\u00bb text_font=\u00bb|on|||\u00bb]<\/p>\n<p>Busque un lugar al norte, LIBRE de obst\u00e1culos d\u00f3nde instalar\u00e1 la antena.<\/p>\n<p>[\/et_pb_text][\/et_pb_column][et_pb_column type=\u00bb1_2&#8243;][et_pb_image admin_label=\u00bbImagen posici\u00f3n incorrecta\u00bb src=\u00bbhttp:\/\/magictv.cl\/wp-content\/uploads\/2016\/08\/instalacion_norte1.png\u00bb show_in_lightbox=\u00bboff\u00bb url_new_window=\u00bboff\u00bb use_overlay=\u00bboff\u00bb animation=\u00bboff\u00bb sticky=\u00bboff\u00bb align=\u00bbleft\u00bb force_fullwidth=\u00bboff\u00bb always_center_on_mobile=\u00bbon\u00bb use_border_color=\u00bboff\u00bb border_color=\u00bb#ffffff\u00bb border_style=\u00bbsolid\u00bb] [\/et_pb_image][et_pb_text admin_label=\u00bbTexto posici\u00f3n incorrecta\u00bb background_layout=\u00bblight\u00bb text_orientation=\u00bbleft\u00bb use_border_color=\u00bboff\u00bb border_color=\u00bb#ffffff\u00bb border_style=\u00bbsolid\u00bb text_font=\u00bb|on|||\u00bb]<\/p>\n<p>No debe haber nada que obstruya la recepci\u00f3n de la se\u00f1al, por ejemplo: \u00e1rboles, edificios, etc&#8230;<\/p>\n<p>[\/et_pb_text][\/et_pb_column][\/et_pb_row][\/et_pb_section]<\/p>\n","protected":false},"excerpt":{"rendered":"<p>INSTALACI\u00d3N \u00a0 NUESTRO KIT INCLUYE: Antena Decodificador Cable Antena Cables HDMI y an\u00e1logo Control remoto con pilas Manual instalaci\u00f3n antena Manual de operaci\u00f3n del decodificador Imagen referencial, no incluye Televisor DESCARGAR MANUALES Manual instalaci\u00f3n antena\u00a0 Manual\u00a0de operaci\u00f3n del decodificador INSTALACI\u00d3N DE ANTENA: Ubicaci\u00f3n La Antena puede ser instalada en un muro o en un techo [&hellip;]<\/p>\n","protected":false},"author":284,"featured_media":0,"parent":0,"menu_order":0,"comment_status":"closed","ping_status":"closed","template":"","meta":{"_et_pb_use_builder":"on","_et_pb_old_content":"<p>Esta es una p\u00e1gina de ejemplo. Es diferente a una entrada del blog, ya que se quedar\u00e1 en un lugar y se mostrar\u00e1 en la navegaci\u00f3n del sitio (en la mayor\u00eda de temas). La mayor\u00eda de personas empieza con una p\u00e1gina \"Acerca de\" que brinda informaci\u00f3n a los visitantes. Se podr\u00eda decir algo como esto:<\/p><blockquote><p>\u00a1Hola! Durante el d\u00eda soy un mensajero, un aspirante a actor por la noche, y este es mi blog. Vivo en Valpara\u00edso, tengo un enorme perro llamado Pocho, y me gustan las cervezas muy heladas. (Y caminar por la playa.)<\/p><\/blockquote><p>...o algo como esto:<\/p><blockquote><p>La compa\u00f1\u00eda XYZ, se fund\u00f3 en 1971, y ha estado desde entonces, proporcionando artilugios de calidad al p\u00fablico. Est\u00e1 situada en la ciudad de Concepci\u00f3n, Chile y emplea a m\u00e1s de 2,000 personas. Hace todo tipo de cosas sorprendentes para la comunidad penquista.<\/p><\/blockquote><p>Como nuevo usuario de WordPress, debes ir a <a href=\"https:\/\/magictv.cl\/wp-admin\/\">tu panel<\/a> para eliminar esta p\u00e1gina y crear nuevas para tu contenido. \u00a1Que te diviertas!<\/p>","_et_gb_content_width":"","footnotes":""},"_links":{"self":[{"href":"https:\/\/magictv.cl\/index.php?rest_route=\/wp\/v2\/pages\/3907"}],"collection":[{"href":"https:\/\/magictv.cl\/index.php?rest_route=\/wp\/v2\/pages"}],"about":[{"href":"https:\/\/magictv.cl\/index.php?rest_route=\/wp\/v2\/types\/page"}],"author":[{"embeddable":true,"href":"https:\/\/magictv.cl\/index.php?rest_route=\/wp\/v2\/users\/284"}],"replies":[{"embeddable":true,"href":"https:\/\/magictv.cl\/index.php?rest_route=%2Fwp%2Fv2%2Fcomments&post=3907"}],"version-history":[{"count":23,"href":"https:\/\/magictv.cl\/index.php?rest_route=\/wp\/v2\/pages\/3907\/revisions"}],"predecessor-version":[{"id":4383,"href":"https:\/\/magictv.cl\/index.php?rest_route=\/wp\/v2\/pages\/3907\/revisions\/4383"}],"wp:attachment":[{"href":"https:\/\/magictv.cl\/index.php?rest_route=%2Fwp%2Fv2%2Fmedia&parent=3907"}],"curies":[{"name":"wp","href":"https:\/\/api.w.org\/{rel}","templated":true}]}}